{"id":260,"date":"2024-12-03T13:36:04","date_gmt":"2024-12-03T18:36:04","guid":{"rendered":"https:\/\/elios-dev.csfoy.ca\/pole-interordre-fad\/?page_id=260"},"modified":"2025-02-21T09:41:28","modified_gmt":"2025-02-21T14:41:28","slug":"lexique","status":"publish","type":"page","link":"https:\/\/elios.csfoy.ca\/formation-hybride\/lexique\/","title":{"rendered":"Lexique"},"content":{"rendered":"\t\t<div data-elementor-type=\"wp-page\" data-elementor-id=\"260\" class=\"elementor elementor-260\">\n\t\t\t\t<div class=\"elementor-element elementor-element-2478d29 e-flex e-con-boxed e-con e-parent\" data-id=\"2478d29\" data-element_type=\"container\" data-e-type=\"container\">\n\t\t\t\t\t<div class=\"e-con-inner\">\n\t\t\t\t<div class=\"elementor-element elementor-element-49d9c25 elementor-widget elementor-widget-heading\" data-id=\"49d9c25\" data-element_type=\"widget\" data-e-type=\"widget\" data-widget_type=\"heading.default\">\n\t\t\t\t<div class=\"elementor-widget-container\">\n\t\t\t\t\t<h2 class=\"elementor-heading-title elementor-size-default\">Lexique<\/h2>\t\t\t\t<\/div>\n\t\t\t\t<\/div>\n\t\t\t\t\t<\/div>\n\t\t\t\t<\/div>\n\t\t<div class=\"elementor-element elementor-element-63fe24a e-flex e-con-boxed e-con e-parent\" data-id=\"63fe24a\" data-element_type=\"container\" data-e-type=\"container\">\n\t\t\t\t\t<div class=\"e-con-inner\">\n\t\t\t\t<div class=\"elementor-element elementor-element-b0b2138 elementor-widget elementor-widget-image\" data-id=\"b0b2138\" data-element_type=\"widget\" data-e-type=\"widget\" data-widget_type=\"image.default\">\n\t\t\t\t<div class=\"elementor-widget-container\">\n\t\t\t\t\t\t\t\t\t\t\t\t\t\t\t<img decoding=\"async\" src=\"https:\/\/elios.csfoy.ca\/formation-hybride\/wp-content\/uploads\/sites\/19\/elementor\/thumbs\/iStock-1344939844-scaled-r1d06ve45t8geza4yczka32924ehx8g9qr3dzvki48.jpg\" title=\"Hand holding drawing virtual lightbulb with brain on bokeh background for creative and smart thinking idea concep\" alt=\"Main tenant un globe lumineux ayant la moiti\u00e9 gauche de celle-ci repr\u00e9sentant un cerveau.\" loading=\"lazy\" \/>\t\t\t\t\t\t\t\t\t\t\t\t\t\t\t<\/div>\n\t\t\t\t<\/div>\n\t\t\t\t<div class=\"elementor-element elementor-element-3b47602 elementor-widget elementor-widget-text-editor\" data-id=\"3b47602\" data-element_type=\"widget\" data-e-type=\"widget\" data-widget_type=\"text-editor.default\">\n\t\t\t\t<div class=\"elementor-widget-container\">\n\t\t\t\t\t\t\t\t\t<p>Nous vous proposons un petit lexique de la terminologie qui est employ\u00e9e sur ce site afin de faciliter votre compr\u00e9hension.<\/p>\n<ul>\n<li><strong>Cours&nbsp;:<\/strong> S\u00e9quence d&rsquo;enseignement planifi\u00e9e et structur\u00e9e visant \u00e0 transmettre des connaissances, des comp\u00e9tences ou des savoir-faire sur un sujet particulier \u00e0 un groupe d&rsquo;apprenants. Un cours est organis\u00e9 en plusieurs s\u00e9ances de cours.<\/li>\n<li><strong>\u00c9ch\u00e9ance&nbsp;:<\/strong> Date ou un d\u00e9lai fix\u00e9 pour accomplir une t\u00e2che, rendre un travail ou atteindre un objectif. Dans le contexte actuel, l\u2019\u00e9ch\u00e9ance d\u00e9signe, entre autres, la semaine pour laquelle la personne \u00e9tudiante doit avoir fait son cours asynchrone.<\/li>\n<li><strong>Flexibilit\u00e9 p\u00e9dagogique&nbsp;<\/strong><b>:<\/b> Adaptation des m\u00e9thodes, des modalit\u00e9s d\u2019enseignement et des ressources p\u00e9dagogiques en fonction des besoins, des rythmes d\u2019apprentissage et des contextes de la population \u00e9tudiante. Elle permet de personnaliser l\u2019exp\u00e9rience d\u2019apprentissage afin de mieux r\u00e9pondre \u00e0 la diversit\u00e9 des profils \u00e9tudiants, de leurs attentes et de leurs contraintes.<\/li>\n<li><strong> Ressources multim\u00e9dias (ou formats m\u00e9dias)&nbsp;:<\/strong> Type de contenu p\u00e9dagogique qui combine plusieurs formats de m\u00e9dia pour transmettre de l\u2019information de mani\u00e8re engageante et interactive. Elle peut inclure des \u00e9l\u00e9ments audio, vid\u00e9o, texte, images, animations ou graphiques interactifs.<\/li>\n<li><strong>S\u00e9ance de cours&nbsp;:<\/strong> Unit\u00e9 d&rsquo;enseignement sp\u00e9cifique qui correspond \u00e0 une rencontre ponctuelle, au cours de laquelle des contenus p\u00e9dagogiques sont pr\u00e9sent\u00e9s et discut\u00e9s. Elle constitue une subdivision d&rsquo;un cours, se d\u00e9roulant g\u00e9n\u00e9ralement selon un horaire d\u00e9fini (p. ex. 1h, 2h, etc.) et suivant un plan p\u00e9dagogique pr\u00e9d\u00e9termin\u00e9.<\/li>\n<li><strong>Session&nbsp;:<\/strong> P\u00e9riode acad\u00e9mique enti\u00e8re (p. ex. session d\u2019automne, session d\u2019hiver, session d\u2019\u00e9t\u00e9) durant laquelle plusieurs cours sont enseign\u00e9s. T\u00e2ches&nbsp;: Activit\u00e9s que les personnes \u00e9tudiantes doivent r\u00e9aliser dans le cadre de leur apprentissage.<\/li>\n<\/ul>\t\t\t\t\t\t\t\t<\/div>\n\t\t\t\t<\/div>\n\t\t\t\t\t<\/div>\n\t\t\t\t<\/div>\n\t\t\t\t<\/div>\n\t\t","protected":false},"excerpt":{"rendered":"<p>Lexique Nous vous proposons un petit lexique de la terminologie qui est employ\u00e9e sur ce site afin de faciliter votre compr\u00e9hension. Cours&nbsp;: S\u00e9quence d&rsquo;enseignement planifi\u00e9e et structur\u00e9e visant \u00e0 transmettre des connaissances, des comp\u00e9tences ou des savoir-faire sur un sujet particulier \u00e0 un groupe d&rsquo;apprenants. Un cours est organis\u00e9 en plusieurs s\u00e9ances de cours. \u00c9ch\u00e9ance&nbsp;:&#8230;<\/p>\n","protected":false},"author":27,"featured_media":0,"parent":0,"menu_order":0,"comment_status":"closed","ping_status":"closed","template":"elementor_header_footer","meta":{"_acf_changed":false,"_monsterinsights_skip_tracking":false,"_monsterinsights_sitenote_active":false,"_monsterinsights_sitenote_note":"","_monsterinsights_sitenote_category":0,"footnotes":""},"class_list":["post-260","page","type-page","status-publish","hentry"],"acf":[],"_links":{"self":[{"href":"https:\/\/elios.csfoy.ca\/formation-hybride\/wp-json\/wp\/v2\/pages\/260","targetHints":{"allow":["GET"]}}],"collection":[{"href":"https:\/\/elios.csfoy.ca\/formation-hybride\/wp-json\/wp\/v2\/pages"}],"about":[{"href":"https:\/\/elios.csfoy.ca\/formation-hybride\/wp-json\/wp\/v2\/types\/page"}],"author":[{"embeddable":true,"href":"https:\/\/elios.csfoy.ca\/formation-hybride\/wp-json\/wp\/v2\/users\/27"}],"replies":[{"embeddable":true,"href":"https:\/\/elios.csfoy.ca\/formation-hybride\/wp-json\/wp\/v2\/comments?post=260"}],"version-history":[{"count":34,"href":"https:\/\/elios.csfoy.ca\/formation-hybride\/wp-json\/wp\/v2\/pages\/260\/revisions"}],"predecessor-version":[{"id":2493,"href":"https:\/\/elios.csfoy.ca\/formation-hybride\/wp-json\/wp\/v2\/pages\/260\/revisions\/2493"}],"wp:attachment":[{"href":"https:\/\/elios.csfoy.ca\/formation-hybride\/wp-json\/wp\/v2\/media?parent=260"}],"curies":[{"name":"wp","href":"https:\/\/api.w.org\/{rel}","templated":true}]}}