{"id":347,"date":"2024-12-13T09:30:40","date_gmt":"2024-12-13T14:30:40","guid":{"rendered":"https:\/\/elios-dev.csfoy.ca\/pole-interordre-fad\/?page_id=347"},"modified":"2025-02-21T09:11:41","modified_gmt":"2025-02-21T14:11:41","slug":"references","status":"publish","type":"page","link":"https:\/\/elios.csfoy.ca\/formation-hybride\/references\/","title":{"rendered":"R\u00e9f\u00e9rences"},"content":{"rendered":"\t\t<div data-elementor-type=\"wp-page\" data-elementor-id=\"347\" class=\"elementor elementor-347\">\n\t\t\t\t<div class=\"elementor-element elementor-element-652359c8 e-flex e-con-boxed e-con e-parent\" data-id=\"652359c8\" data-element_type=\"container\" data-e-type=\"container\">\n\t\t\t\t\t<div class=\"e-con-inner\">\n\t\t\t\t<div class=\"elementor-element elementor-element-5955c5a elementor-widget elementor-widget-image\" data-id=\"5955c5a\" data-element_type=\"widget\" data-e-type=\"widget\" data-widget_type=\"image.default\">\n\t\t\t\t<div class=\"elementor-widget-container\">\n\t\t\t\t\t\t\t\t\t\t\t\t\t\t\t<img decoding=\"async\" src=\"https:\/\/elios.csfoy.ca\/formation-hybride\/wp-content\/uploads\/sites\/19\/elementor\/thumbs\/iStock-609705630-scaled-r1d061ba343a3ghttzzi2ani1sir2x4uym7un0t3nc.jpg\" title=\"Open book on the desk over wooden background\" alt=\"Deux livres d\u00e9pos\u00e9s sur un bureau avec fond d&#039;\u00e9cran en bois turquoise.\" loading=\"lazy\" \/>\t\t\t\t\t\t\t\t\t\t\t\t\t\t\t<\/div>\n\t\t\t\t<\/div>\n\t\t\t\t<div class=\"elementor-element elementor-element-32dd513e elementor-widget elementor-widget-text-editor\" data-id=\"32dd513e\" data-element_type=\"widget\" data-e-type=\"widget\" data-widget_type=\"text-editor.default\">\n\t\t\t\t<div class=\"elementor-widget-container\">\n\t\t\t\t\t\t\t\t\t<p>Nous vous proposons les diff\u00e9rentes r\u00e9f\u00e9rences ainsi que la biblioth\u00e8que Zotero qui a servi \u00e0 la construction de ce site Web. Vous pouvez donc choisir l&rsquo;onglet qui vous convient le mieux.<\/p>\n<p><!-- \/wp:paragraph --><\/p>\n<p><!-- wp:paragraph --><\/p>\n<p><!-- \/wp:paragraph --><\/p>\t\t\t\t\t\t\t\t<\/div>\n\t\t\t\t<\/div>\n\t\t\t\t\t<\/div>\n\t\t\t\t<\/div>\n\t\t\t\t<\/div>\n\t\t","protected":false},"excerpt":{"rendered":"<p>Nous vous proposons les diff\u00e9rentes r\u00e9f\u00e9rences ainsi que la biblioth\u00e8que Zotero qui a servi \u00e0 la construction de ce site Web. Vous pouvez donc choisir l&rsquo;onglet qui vous convient le mieux.<\/p>\n","protected":false},"author":27,"featured_media":0,"parent":0,"menu_order":0,"comment_status":"closed","ping_status":"closed","template":"","meta":{"_acf_changed":false,"_monsterinsights_skip_tracking":false,"_monsterinsights_sitenote_active":false,"_monsterinsights_sitenote_note":"","_monsterinsights_sitenote_category":0,"footnotes":""},"class_list":["post-347","page","type-page","status-publish","hentry"],"acf":[],"_links":{"self":[{"href":"https:\/\/elios.csfoy.ca\/formation-hybride\/wp-json\/wp\/v2\/pages\/347","targetHints":{"allow":["GET"]}}],"collection":[{"href":"https:\/\/elios.csfoy.ca\/formation-hybride\/wp-json\/wp\/v2\/pages"}],"about":[{"href":"https:\/\/elios.csfoy.ca\/formation-hybride\/wp-json\/wp\/v2\/types\/page"}],"author":[{"embeddable":true,"href":"https:\/\/elios.csfoy.ca\/formation-hybride\/wp-json\/wp\/v2\/users\/27"}],"replies":[{"embeddable":true,"href":"https:\/\/elios.csfoy.ca\/formation-hybride\/wp-json\/wp\/v2\/comments?post=347"}],"version-history":[{"count":9,"href":"https:\/\/elios.csfoy.ca\/formation-hybride\/wp-json\/wp\/v2\/pages\/347\/revisions"}],"predecessor-version":[{"id":2483,"href":"https:\/\/elios.csfoy.ca\/formation-hybride\/wp-json\/wp\/v2\/pages\/347\/revisions\/2483"}],"wp:attachment":[{"href":"https:\/\/elios.csfoy.ca\/formation-hybride\/wp-json\/wp\/v2\/media?parent=347"}],"curies":[{"name":"wp","href":"https:\/\/api.w.org\/{rel}","templated":true}]}}