{"id":360,"date":"2024-12-13T09:51:44","date_gmt":"2024-12-13T14:51:44","guid":{"rendered":"https:\/\/elios-dev.csfoy.ca\/pole-interordre-fad\/?page_id=360"},"modified":"2025-02-20T15:21:37","modified_gmt":"2025-02-20T20:21:37","slug":"ressources-macro-planification","status":"publish","type":"page","link":"https:\/\/elios.csfoy.ca\/formation-hybride\/ressources-macro-planification\/","title":{"rendered":"R\u00e9f\u00e9rences sur la macroplanification"},"content":{"rendered":"\t\t<div data-elementor-type=\"wp-page\" data-elementor-id=\"360\" class=\"elementor elementor-360\">\n\t\t\t\t<div class=\"elementor-element elementor-element-e3c4e3b e-flex e-con-boxed e-con e-parent\" data-id=\"e3c4e3b\" data-element_type=\"container\" data-e-type=\"container\">\n\t\t\t\t\t<div class=\"e-con-inner\">\n\t\t\t\t<div class=\"elementor-element elementor-element-822a8a9 elementor-widget elementor-widget-heading\" data-id=\"822a8a9\" data-element_type=\"widget\" data-e-type=\"widget\" data-widget_type=\"heading.default\">\n\t\t\t\t<div class=\"elementor-widget-container\">\n\t\t\t\t\t<h2 class=\"elementor-heading-title elementor-size-default\">R\u00e9f\u00e9rences sur la macroplanification<br><\/h2>\t\t\t\t<\/div>\n\t\t\t\t<\/div>\n\t\t\t\t<div class=\"elementor-element elementor-element-20bd0cd elementor-widget elementor-widget-text-editor\" data-id=\"20bd0cd\" data-element_type=\"widget\" data-e-type=\"widget\" data-widget_type=\"text-editor.default\">\n\t\t\t\t<div class=\"elementor-widget-container\">\n\t\t\t\t\t\t\t\t\t<div><div><span style=\"font-family: var( --e-global-typography-text-font-family ), Sans-serif;font-size: var( --e-global-typography-text-font-size );font-weight: var( --e-global-typography-text-font-weight );text-align: var(--text-align)\">Boelens, R., De Wever, B. et Voet, M. (2017). Four key challenges to the design of blended learning: A systematic literature review. <\/span><i style=\"font-family: var( --e-global-typography-text-font-family ), Sans-serif;font-size: var( --e-global-typography-text-font-size );font-weight: var( --e-global-typography-text-font-weight );text-align: var(--text-align)\">Educational Research Review<\/i><span style=\"font-family: var( --e-global-typography-text-font-family ), Sans-serif;font-size: var( --e-global-typography-text-font-size );font-weight: var( --e-global-typography-text-font-weight );text-align: var(--text-align)\">, <\/span><i style=\"font-family: var( --e-global-typography-text-font-family ), Sans-serif;font-size: var( --e-global-typography-text-font-size );font-weight: var( --e-global-typography-text-font-weight );text-align: var(--text-align)\">22<\/i><span style=\"font-family: var( --e-global-typography-text-font-family ), Sans-serif;font-size: var( --e-global-typography-text-font-size );font-weight: var( --e-global-typography-text-font-weight );text-align: var(--text-align)\">, 1\u201118. <a href=\"https:\/\/doi.org\/10.1016\/j.edurev.2017.06.001\">https:\/\/doi.org\/10.1016\/j.edurev.2017.06.001<\/a><\/span><\/div><div>\u00a0<\/div><div>Bower, M., Dalgarno, B., Kennedy, G. E., Lee, M. J. W. et Kenney, J. (2015). Design and implementation factors in blended synchronous learning environments: Outcomes from a cross-case analysis. <i>Computers &amp; Education<\/i>, <i>86<\/i>, 1\u201117. <a href=\"https:\/\/doi.org\/10.1016\/j.compedu.2015.03.006\">https:\/\/doi.org\/10.1016\/j.compedu.2015.03.006<\/a><\/div><div>\u00a0<\/div><div>Burton, R., Borruat, S., Charlier, B., Coltice, N., Deschryver, N., Docq, F., Eneau, J., Gueudet, G., Lameul, G., Lebrun, M., Lietart, A., Nagels, M., Peraya, D., Rossier, A., Renneboog, E. et Villiot-Leclercq, E. (2011). Vers une typologie des dispositifs hybrides de formation en enseignement sup\u00e9rieur.\u00a0<em>Distances et savoirs<\/em>,\u00a0<em>9<\/em>(1), 69\u201196.\u00a0<a href=\"https:\/\/shs.cairn.info\/revue-distances-et-savoirs-2011-1-page-69?lang=fr\">https:\/\/shs.cairn.info\/revue-distances-et-savoirs-2011-1-page-69?lang=fr<\/a><\/div><div>\u00a0<\/div><div>Chamberland, \u00c9. (2021). <i>La formation hybride : d\u00e9terminer la modalit\u00e9 de chaque s\u00e9ance<\/i> [vid\u00e9o]. YouTube. <a href=\"https:\/\/www.youtube.com\/watch?v=LblL5FD1DD4\">https:\/\/www.youtube.com\/watch?v=LblL5FD1DD4<\/a><\/div><div>\u00a0<\/div><div>Charlier, B., Deschryver, N. et Pereya, D. (2004).\u00a0<span style=\"font-family: var( --e-global-typography-text-font-family ), Sans-serif;font-size: var( --e-global-typography-text-font-size );font-weight: var( --e-global-typography-text-font-weight );text-align: var(--text-align)\">Articuler pr\u00e9sence et distance, une autre mani\u00e8re de penser l\u2019apprentissage universitaire<\/span><span style=\"font-family: var( --e-global-typography-text-font-family ), Sans-serif;font-size: var( --e-global-typography-text-font-size );font-weight: var( --e-global-typography-text-font-weight );text-align: var(--text-align)\">.\u00a0<\/span><i style=\"font-family: var( --e-global-typography-text-font-family ), Sans-serif;font-size: var( --e-global-typography-text-font-size );font-weight: var( --e-global-typography-text-font-weight );text-align: var(--text-align)\">L\u2019AIPU : 20 ans de recherches et d\u2019actions p\u00e9dagogiques : bilans et perspectives<\/i><span style=\"font-family: var( --e-global-typography-text-font-family ), Sans-serif;font-size: var( --e-global-typography-text-font-size );font-weight: var( --e-global-typography-text-font-weight );text-align: var(--text-align)\">.<\/span><span style=\"font-family: var( --e-global-typography-text-font-family ), Sans-serif;font-size: var( --e-global-typography-text-font-size );font-weight: var( --e-global-typography-text-font-weight );text-align: var(--text-align)\">\u00a0<\/span><a style=\"font-family: var( --e-global-typography-text-font-family ), Sans-serif;font-size: var( --e-global-typography-text-font-size );font-weight: var( --e-global-typography-text-font-weight );text-align: var(--text-align)\" href=\"https:\/\/archive-ouverte.unige.ch\/unige:17878\">https:\/\/archive-ouverte.unige.ch\/unige:17878<\/a><\/div><div>\u00a0<\/div><div>Charlier, B., Deschryver, N. et Pereya, D. (2006). Apprendre en pr\u00e9sence et \u00e0 distance. Une d\u00e9finition des dispositifs hybrides. <i>Distances et savoirs<\/i>, <i>4<\/i>(4), 469\u2011496. <a href=\"https:\/\/doi.org\/10.3166\/ds.4.469-496\">https:\/\/doi.org\/10.3166\/ds.4.469-496<\/a><\/div><div>\u00a0<\/div><div>Charlier, B. et Peltier, C. (2024). Comprendre la dynamique de co-construction des environnements d\u2019apprentissage hybrides\u202f: cadre d\u2019analyse et pistes de recherche. <i>Distances et m\u00e9diations des savoirs. Distance and Mediation of Knowledge<\/i>, article 45. <a href=\"https:\/\/doi.org\/10.4000\/dms.9749\">https:\/\/doi.org\/10.4000\/dms.9749<\/a><\/div><div>\u00a0<\/div><div>Charnet, C. (2019). <i>Comment r\u00e9aliser une formation ou un enseignement num\u00e9rique \u00e0 distance?<\/i>\u00a0(1re \u00e9d.) De Boeck Superieur.<\/div><div>\u00a0<\/div><div>Cleveland-Innes, M. F., Stenbom, S. et Garrison, D. R. (\u00c9ds.). (2024). The design of digital learning environments: Online and blended applications of the community of inquiry. <i>Routledge<\/i>. <a href=\"https:\/\/doi.org\/10.4324\/9781003246206\">https:\/\/doi.org\/10.4324\/9781003246206<\/a><\/div><div>\u00a0<\/div><div>Deschryver, N. et Charlier, B. (2012). <i>Dispositifs hybrides, nouvelle perspective pour une p\u00e9dagogie renouvel\u00e9e de l\u2019enseignement sup\u00e9rieur<\/i>. <i>Rapport final<\/i>. <a href=\"https:\/\/archive-ouverte.unige.ch\/unige:23102\">https:\/\/archive-ouverte.unige.ch\/unige:23102<\/a><\/div><div>\u00a0<\/div><div>Elfirdoussi, S., Lachgar, M. et Kabaili, H. (2021). <i>Mod\u00e8le conceptuel de l\u2019enseignement \u00e0 distance\u202f: une revue de litt\u00e9rature<\/i>. MENACIS2021, article 2. <a href=\"https:\/\/aisel.aisnet.org\/menacis2021\/2\">https:\/\/aisel.aisnet.org\/menacis2021\/2<\/a><\/div><div>\u00a0<\/div><div>J\u00e9z\u00e9gou, A. (2014).\u00a0<span style=\"font-family: var( --e-global-typography-text-font-family ), Sans-serif;font-size: var( --e-global-typography-text-font-size );font-weight: var( --e-global-typography-text-font-weight );text-align: var(--text-align)\">Regard sur la recherche \u00ab\u202fdispositifs hybrides dans l\u2019enseignement sup\u00e9rieur\u202f\u00bb (Hy-Sup)\u202f: avanc\u00e9es majeures et interpr\u00e9tation possible de la typologie produite.<\/span><span style=\"font-family: var( --e-global-typography-text-font-family ), Sans-serif;font-size: var( --e-global-typography-text-font-size );font-weight: var( --e-global-typography-text-font-weight );text-align: var(--text-align)\">\u00a0<\/span><em style=\"font-family: var( --e-global-typography-text-font-family ), Sans-serif;font-size: var( --e-global-typography-text-font-size );font-weight: var( --e-global-typography-text-font-weight );text-align: var(--text-align)\">\u00c9ducation &amp; formations<\/em><span style=\"font-family: var( --e-global-typography-text-font-family ), Sans-serif;font-size: var( --e-global-typography-text-font-size );font-weight: var( --e-global-typography-text-font-weight );text-align: var(--text-align)\">, e-301.<\/span><span style=\"font-family: var( --e-global-typography-text-font-family ), Sans-serif;font-size: var( --e-global-typography-text-font-size );font-weight: var( --e-global-typography-text-font-weight );text-align: var(--text-align)\">\u00a0<\/span><a style=\"font-family: var( --e-global-typography-text-font-family ), Sans-serif;font-size: var( --e-global-typography-text-font-size );font-weight: var( --e-global-typography-text-font-weight );text-align: var(--text-align)\" href=\"https:\/\/shs.hal.science\/halshs-01478941\">https:\/\/shs.hal.science\/halshs-01478941<\/a><\/div><div>\u00a0<\/div><div>Lafleur, F. et Samson, G. (2020). <i>\u00c9tat de situation sur l\u2019hybridit\u00e9 de la formation \u00e0 distance en contexte postsecondaire : ce qu\u2019en disent les praticiens<\/i>. Presses de l\u2019Universit\u00e9 du Qu\u00e9bec.<\/div><div>\u00a0<\/div><div>Lebrun, M., Peltier, C., Peraya, D., Mancusco, G. et Burton, R. (2014). <i>Un nouveau regard sur la typologie des dispositifs hybrides de formation<\/i>.\u00a0<span style=\"font-family: var( --e-global-typography-text-font-family ), Sans-serif;font-size: var( --e-global-typography-text-font-size );font-weight: var( --e-global-typography-text-font-weight );text-align: var(--text-align)\">Propositions m\u00e9thodologiques pour identifier et comparer ces dispositifs.<\/span><\/div><div>\u00a0<\/div><div>Lowyck, J. (2002). Pedagogical design. In\u00a0H. H.\u00a0Adelsberger,\u00a0B.\u00a0Collis\u00a0et\u00a0J. M.\u00a0Pawlowski\u00a0(\u00c9ds.),\u00a0<em>Handbook on information technologies for education and training. International Handbooks on Information Systems<\/em>\u00a0(199\u2011217). Springer, Berlin, Heidelberg.\u00a0<a href=\"https:\/\/doi.org\/10.1007\/978-3-662-07682-8_13\">https:\/\/doi.org\/10.1007\/978-3-662-07682-8_13<\/a><\/div><div>\u00a0<\/div><div>Mariaux, C. (2009). <i>Mise en place d\u2019une formation hybride en psychologie<\/i>.<\/div><div>\u00a0<\/div><div>Martinet, B. (2024). Accompagner la conception de dispositifs p\u00e9dagogiques dans des contextes m\u00ealant pr\u00e9sence et distance.\u00a0<em>Sciences de l\u2019information et de la communication<\/em>.<em>\u00a0Universit\u00e9 de Lorraine<\/em>.\u00a0<a href=\"https:\/\/theses.hal.science\/tel-04648581\/document\">https:\/\/theses.hal.science\/tel-04648581\/document<\/a><\/div><div>\u00a0<\/div><div>Mayfield, M. (2011). Creating training and development programs: using the ADDIE method. <i>Development and Learning in Organizations: An International Journal<\/i>, <i>25<\/i>(3), 19\u201122. <a href=\"https:\/\/doi.org\/10.1108\/14777281111125363\">https:\/\/doi.org\/10.1108\/14777281111125363<\/a><\/div><div>\u00a0<\/div><div><span style=\"font-family: var( --e-global-typography-text-font-family ), Sans-serif;font-size: var( --e-global-typography-text-font-size );font-weight: var( --e-global-typography-text-font-weight );text-align: var(--text-align)\">Messaoudene, N. et Cheniti, I. (2018). <\/span><i style=\"font-family: var( --e-global-typography-text-font-family ), Sans-serif;font-size: var( --e-global-typography-text-font-size );font-weight: var( --e-global-typography-text-font-weight );text-align: var(--text-align)\">Ing\u00e9nierie P\u00e9dagogique Orient\u00e9e Cloud Computing<\/i><span style=\"font-family: var( --e-global-typography-text-font-family ), Sans-serif;font-size: var( --e-global-typography-text-font-size );font-weight: var( --e-global-typography-text-font-weight );text-align: var(--text-align)\">.\u00a0<\/span><a style=\"font-family: var( --e-global-typography-text-font-family ), Sans-serif;font-size: var( --e-global-typography-text-font-size );font-weight: var( --e-global-typography-text-font-weight );text-align: var(--text-align)\" href=\"https:\/\/dspace.univ-bba.dz\/server\/api\/core\/bitstreams\/9ad91478-27b8-4d68-b5c4-6691e90baa1f\/content\">https:\/\/dspace.univ-bba.dz\/server\/api\/core\/bitstreams\/9ad91478-27b8-4d68-b5c4-6691e90baa1f\/content<\/a><\/div><div>\u00a0<\/div><div><div>Meyer, F., Verquin Savarieau, B., Petit, M. et Bourque, C. (2020). Le num\u00e9rique pour une hybridation de qualit\u00e9.\u00a0<i>M\u00e9diations et m\u00e9diatisations<\/i>,\u00a0<i>4<\/i>, 3\u20118. <a style=\"font-family: var( --e-global-typography-text-font-family ), Sans-serif;font-size: var( --e-global-typography-text-font-size );font-weight: var( --e-global-typography-text-font-weight );text-align: var(--text-align)\" href=\"https:\/\/www.researchgate.net\/publication\/351214944_Le_numerique_pour_une_hybridation_de_qualite\">https:\/\/www.researchgate.net\/publication\/351214944_Le_numerique_pour_une_hybridation_de_qualite<\/a><\/div><div>\u00a0<\/div><\/div><div>Nussli, N. et Oh, K. (2024). Creating a \u201cspace in-between\u201d: Learning on the physical\u2013hybrid\u2013virtual continuum. <i>Journal of Educational Technology Systems<\/i>, <i>52<\/i>(4), 471-506. <a href=\"https:\/\/doi.org\/10.1177\/00472395241252139\">https:\/\/doi.org\/10.1177\/00472395241252139<\/a><\/div><div>\u00a0<\/div><div>Paquelin, D. et Lachapelle-B\u00e9gin, L. (2022).\u00a0<em style=\"font-family: var( --e-global-typography-text-font-family ), Sans-serif;font-size: var( --e-global-typography-text-font-size );font-weight: var( --e-global-typography-text-font-weight );text-align: var(--text-align)\">Hybridation\u202f: principes et rep\u00e8res<\/em><span style=\"font-family: var( --e-global-typography-text-font-family ), Sans-serif;font-size: var( --e-global-typography-text-font-size );font-weight: var( --e-global-typography-text-font-weight );text-align: var(--text-align)\">.\u00a0<\/span><span style=\"font-family: var( --e-global-typography-text-font-family ), Sans-serif;font-size: var( --e-global-typography-text-font-size );font-weight: var( --e-global-typography-text-font-weight );text-align: var(--text-align)\">[Rapport de recherche<\/span><span style=\"font-family: var( --e-global-typography-text-font-family ), Sans-serif;font-size: var( --e-global-typography-text-font-size );font-weight: var( --e-global-typography-text-font-weight );text-align: var(--text-align)\">].<\/span><span style=\"font-family: var( --e-global-typography-text-font-family ), Sans-serif;font-size: var( --e-global-typography-text-font-size );font-weight: var( --e-global-typography-text-font-weight );text-align: var(--text-align)\">\u00a0Universit\u00e9 Laval.\u00a0<\/span><a style=\"font-family: var( --e-global-typography-text-font-family ), Sans-serif;font-size: var( --e-global-typography-text-font-size );font-weight: var( --e-global-typography-text-font-weight );text-align: var(--text-align)\" href=\"https:\/\/hal.science\/hal-03718900v1\/file\/Hybridation_Juillet_2022.pdf\">https:\/\/hal.science\/hal-03718900v1\/file\/Hybridation_Juillet_2022.pdf<\/a><\/div><div><span style=\"font-family: var( --e-global-typography-text-font-family ), Sans-serif;font-size: var( --e-global-typography-text-font-size );font-weight: var( --e-global-typography-text-font-weight );text-align: var(--text-align)\">\u00a0<\/span><\/div><div>Peltier, C. et S\u00e9guin, C. (2021). Hybridation et dispositifs hybrides de formation dans l\u2019enseignement sup\u00e9rieur\u202f: revue de la litt\u00e9rature 2012-2020. <i>Distances et m\u00e9diations des savoirs. Distance and Mediation of Knowledge<\/i>, article\u00a035. <a href=\"https:\/\/doi.org\/10.4000\/dms.6414\">https:\/\/doi.org\/10.4000\/dms.6414<\/a><\/div><div>\u00a0<\/div><div>Raes, A., Detienne, L., Windey, I. <i>et al<\/i>. (2020). A systematic literature review on synchronous hybrid learning: Gaps identified. <i>Learning Environments Research<\/i>, <i>23<\/i>, 269\u2011290. <a href=\"https:\/\/doi.org\/10.1007\/s10984-019-09303-z\">https:\/\/doi.org\/10.1007\/s10984-019-09303-z<\/a><\/div><div>\u00a0<\/div><div>Rankin, A., Haggis, J., Luzeckyj, A. et Gare, C. (2016). Messy design: Organic planning for blended learning. <i>Journal of Learning Design<\/i>, <i>9<\/i>(2), 14-29. <a href=\"https:\/\/doi.org\/10.5204\/jld.v9i2.267\">https:\/\/doi.org\/10.5204\/jld.v9i2.267<\/a><\/div><div>\u00a0<\/div><div><span style=\"font-family: var( --e-global-typography-text-font-family ), Sans-serif;font-size: var( --e-global-typography-text-font-size );font-weight: var( --e-global-typography-text-font-weight );text-align: var(--text-align)\">Sauvageau, G. (2023). <\/span><i style=\"font-family: var( --e-global-typography-text-font-family ), Sans-serif;font-size: var( --e-global-typography-text-font-size );font-weight: var( --e-global-typography-text-font-weight );text-align: var(--text-align)\">Design d\u2019une formation hybride en soins infirmiers de deuxi\u00e8me session favorisant l\u2019engagement des \u00e9tudiantes.<\/i> <a style=\"font-family: var( --e-global-typography-text-font-family ), Sans-serif;font-size: var( --e-global-typography-text-font-size );font-weight: var( --e-global-typography-text-font-weight );text-align: var(--text-align)\" href=\"https:\/\/doi.org\/10.13140\/RG.2.2.10147.46887\">https:\/\/doi.org\/10.13140\/RG.2.2.10147.46887<\/a><\/div><div>\u00a0<\/div><div>Universit\u00e9 d\u2019Ottawa. (s.\u00a0d.). Guide de soutien \u00e0 la formation \u00e0 distance. <i>Consortium national de formation en sant\u00e9<\/i>.\u00a0<a href=\"https:\/\/www.cnfs.ca\/guide-de-soutien-a-la-formation-a-distance\"><span style=\"text-align: var(--text-align)\">https:\/\/www.cnfs.ca\/guide-de-soutien-a-la-formation-a-distance<\/span><\/a><\/div><div><i>\u00a0<\/i><\/div><div>Wickert, P. (2022, 28 juin). <i>Bo\u00eete \u00e0 outils p\u00e9dagogiques<\/i>. Service d\u2019appui \u00e0 l\u2019enseignement et \u00e0 l\u2019apprentissage (SAEA). <a href=\"https:\/\/saea-tlss.uottawa.ca\/fr\/technologies-denseignement\/boite-a-outils-pedagogiques\">https:\/\/saea-tlss.uottawa.ca\/fr\/technologies-denseignement\/boite-a-outils-pedagogiques<\/a><\/div><\/div>\t\t\t\t\t\t\t\t<\/div>\n\t\t\t\t<\/div>\n\t\t\t\t\t<\/div>\n\t\t\t\t<\/div>\n\t\t\t\t<\/div>\n\t\t","protected":false},"excerpt":{"rendered":"<p>R\u00e9f\u00e9rences sur la macroplanification Boelens, R., De Wever, B. et Voet, M. (2017). Four key challenges to the design of blended learning: A systematic literature review. Educational Research Review, 22, 1\u201118. https:\/\/doi.org\/10.1016\/j.edurev.2017.06.001\u00a0Bower, M., Dalgarno, B., Kennedy, G. E., Lee, M. J. W. et Kenney, J. (2015). Design and implementation factors in blended synchronous learning environments:&#8230;<\/p>\n","protected":false},"author":27,"featured_media":0,"parent":0,"menu_order":0,"comment_status":"closed","ping_status":"closed","template":"","meta":{"_acf_changed":false,"_monsterinsights_skip_tracking":false,"_monsterinsights_sitenote_active":false,"_monsterinsights_sitenote_note":"","_monsterinsights_sitenote_category":0,"footnotes":""},"class_list":["post-360","page","type-page","status-publish","hentry"],"acf":[],"_links":{"self":[{"href":"https:\/\/elios.csfoy.ca\/formation-hybride\/wp-json\/wp\/v2\/pages\/360","targetHints":{"allow":["GET"]}}],"collection":[{"href":"https:\/\/elios.csfoy.ca\/formation-hybride\/wp-json\/wp\/v2\/pages"}],"about":[{"href":"https:\/\/elios.csfoy.ca\/formation-hybride\/wp-json\/wp\/v2\/types\/page"}],"author":[{"embeddable":true,"href":"https:\/\/elios.csfoy.ca\/formation-hybride\/wp-json\/wp\/v2\/users\/27"}],"replies":[{"embeddable":true,"href":"https:\/\/elios.csfoy.ca\/formation-hybride\/wp-json\/wp\/v2\/comments?post=360"}],"version-history":[{"count":114,"href":"https:\/\/elios.csfoy.ca\/formation-hybride\/wp-json\/wp\/v2\/pages\/360\/revisions"}],"predecessor-version":[{"id":2447,"href":"https:\/\/elios.csfoy.ca\/formation-hybride\/wp-json\/wp\/v2\/pages\/360\/revisions\/2447"}],"wp:attachment":[{"href":"https:\/\/elios.csfoy.ca\/formation-hybride\/wp-json\/wp\/v2\/media?parent=360"}],"curies":[{"name":"wp","href":"https:\/\/api.w.org\/{rel}","templated":true}]}}