{"id":363,"date":"2024-12-13T09:52:10","date_gmt":"2024-12-13T14:52:10","guid":{"rendered":"https:\/\/elios-dev.csfoy.ca\/pole-interordre-fad\/?page_id=363"},"modified":"2025-02-20T15:25:00","modified_gmt":"2025-02-20T20:25:00","slug":"ressources-micro-planification","status":"publish","type":"page","link":"https:\/\/elios.csfoy.ca\/formation-hybride\/ressources-micro-planification\/","title":{"rendered":"R\u00e9f\u00e9rences sur la microplanification"},"content":{"rendered":"\t\t<div data-elementor-type=\"wp-page\" data-elementor-id=\"363\" class=\"elementor elementor-363\">\n\t\t\t\t<div class=\"elementor-element elementor-element-7568dee e-flex e-con-boxed e-con e-parent\" data-id=\"7568dee\" data-element_type=\"container\" data-e-type=\"container\">\n\t\t\t\t\t<div class=\"e-con-inner\">\n\t\t\t\t<div class=\"elementor-element elementor-element-7237de7 elementor-widget elementor-widget-heading\" data-id=\"7237de7\" data-element_type=\"widget\" data-e-type=\"widget\" data-widget_type=\"heading.default\">\n\t\t\t\t<div class=\"elementor-widget-container\">\n\t\t\t\t\t<h2 class=\"elementor-heading-title elementor-size-default\">R\u00e9f\u00e9rences sur la microplanification<br><\/h2>\t\t\t\t<\/div>\n\t\t\t\t<\/div>\n\t\t\t\t\t<\/div>\n\t\t\t\t<\/div>\n\t\t<div class=\"elementor-element elementor-element-0730477 e-flex e-con-boxed e-con e-parent\" data-id=\"0730477\" data-element_type=\"container\" data-e-type=\"container\">\n\t\t\t\t\t<div class=\"e-con-inner\">\n\t\t\t\t<div class=\"elementor-element elementor-element-9cfa924 elementor-widget elementor-widget-text-editor\" data-id=\"9cfa924\" data-element_type=\"widget\" data-e-type=\"widget\" data-widget_type=\"text-editor.default\">\n\t\t\t\t<div class=\"elementor-widget-container\">\n\t\t\t\t\t\t\t\t\t<div style=\"line-height: 2;padding-left: 1em;text-indent: -1em\"><div>Burton, R., Borruat, S., Charlier, B., Coltice, N., Deschryver, N., Docq, F., Eneau, J., Gueudet, G., Lameul, G., Lebrun, M., Lietart, A., Nagels, M., Peraya, D., Rossier, A., Renneboog, E. et Villiot-Leclercq, E. (2011). Vers une typologie des dispositifs hybrides de formation en enseignement sup\u00e9rieur. <i>Distances et savoirs<\/i>, <i>9<\/i>(1), 69\u201196. <a href=\"https:\/\/shs.cairn.info\/revue-distances-et-savoirs-2011-1-page-69\">https:\/\/shs.cairn.info\/revue-distances-et-savoirs-2011-1-page-69<\/a><\/div><div>\u00a0<\/div><div><span style=\"text-indent: -1em;font-family: var( --e-global-typography-text-font-family ), Sans-serif;font-size: var( --e-global-typography-text-font-size );font-weight: var( --e-global-typography-text-font-weight );text-align: var(--text-align)\">Charlier, B., Deschryver, N. et Peraya, D. (2004).\u00a0<\/span><span style=\"text-indent: 0px\">Articuler pr\u00e9sence et distance, une autre mani\u00e8re de penser l\u2019apprentissage universitaire.\u00a0<\/span><i style=\"text-indent: 0px\">L\u2019AIPU : 20 ans de recherches et d\u2019actions p\u00e9dagogiques : bilans et perspectives<\/i><span style=\"text-indent: 0px\">.<\/span><span style=\"text-indent: -1em;font-family: var( --e-global-typography-text-font-family ), Sans-serif;font-size: var( --e-global-typography-text-font-size );font-weight: var( --e-global-typography-text-font-weight );text-align: var(--text-align)\">\u00a0<a href=\"https:\/\/archive-ouverte.unige.ch\/unige:17878\">https:\/\/archive-ouverte.unige.ch\/unige:17878<\/a><\/span><\/div><div>\u00a0<\/div><div>DADI. (s.\u00a0d.).\u00a0<i style=\"font-family: var( --e-global-typography-text-font-family ), Sans-serif;font-size: var( --e-global-typography-text-font-size );font-weight: var( --e-global-typography-text-font-weight );text-align: var(--text-align);text-indent: 0px\">Tableau des modalit\u00e9s d&rsquo;\u00e9valuation int\u00e9grant les technologies<\/i><span style=\"font-family: var( --e-global-typography-text-font-family ), Sans-serif;font-size: var( --e-global-typography-text-font-size );font-weight: var( --e-global-typography-text-font-weight );text-align: var(--text-align);text-indent: 0px\">.<\/span><span style=\"text-indent: -1em;font-family: var( --e-global-typography-text-font-family ), Sans-serif;font-size: var( --e-global-typography-text-font-size );font-weight: var( --e-global-typography-text-font-weight );text-align: var(--text-align)\">\u00a0<a href=\"https:\/\/dadi.usherbrooke.ca\/banqueressource\/2\">https:\/\/dadi.usherbrooke.ca\/banqueressource\/2<\/a><\/span><\/div><div>\u00a0<\/div><div>Dion, M. C., H\u00e9bert, A. et No\u00ebl, E. (2020). Strat\u00e9gies d\u2019enseignement-apprentissage adapt\u00e9es \u00e0 la prestation virtuelle. <i>UQAC<\/i>. <a href=\"https:\/\/www.uqac.ca\/ressourcespedago\/wp-content\/uploads\/2020\/09\/Strategies_EnseignementApprentissagePV.pdf\">https:\/\/www.uqac.ca\/ressourcespedago\/wp-content\/uploads\/2020\/09\/Strategies_EnseignementApprentissagePV.pdf<\/a><\/div><div>\u00a0<\/div><div>Guide pour \u00e9valuer les apprentissages int\u00e9grant le num\u00e9rique. GEAN. (s.\u00a0d.).\u00a0Objets d\u2019\u00e9valuation : les connaissances et les comp\u00e9tences. <i style=\"text-indent: -1em;font-family: var( --e-global-typography-text-font-family ), Sans-serif;font-size: var( --e-global-typography-text-font-size );font-weight: var( --e-global-typography-text-font-weight );text-align: var(--text-align)\">\u00c9ductive. <\/i><a style=\"text-indent: -1em;font-family: var( --e-global-typography-text-font-family ), Sans-serif;font-size: var( --e-global-typography-text-font-size );font-weight: var( --e-global-typography-text-font-weight );text-align: var(--text-align)\" href=\"https:\/\/eductive.ca\/gean\/objets-devaluation-les-connaissances-et-les-competences\">https:\/\/eductive.ca\/gean\/objets-devaluation-les-connaissances-et-les-competences<\/a><\/div><div>\u00a0<\/div><div><span style=\"text-indent: 0px\">Paquelin, D. et Lachapelle-B\u00e9gin, L. (2022).\u00a0<\/span><em style=\"text-indent: 0px\">Hybridation\u202f: principes et rep\u00e8res<\/em><span style=\"text-indent: 0px\">.\u00a0<\/span><span style=\"text-align: var(--text-align);text-indent: 0px\">[Rapport de recherche<\/span><span style=\"text-align: var(--text-align);text-indent: 0px\">].<\/span><span style=\"text-align: var(--text-align);text-indent: 0px\">\u00a0Universit\u00e9 Laval.\u00a0<\/span><a style=\"text-align: var(--text-align);text-indent: 0px\" href=\"https:\/\/hal.science\/hal-03718900v1\/file\/Hybridation_Juillet_2022.pdf\">https:\/\/hal.science\/hal-03718900v1\/file\/Hybridation_Juillet_2022.pdf<\/a><\/div><div>\u00a0<\/div><div><span style=\"font-family: var( --e-global-typography-text-font-family ), Sans-serif;font-size: var( --e-global-typography-text-font-size );font-weight: var( --e-global-typography-text-font-weight );text-align: var(--text-align);text-indent: 0px\">TELUQ. (s.\u00a0d.).\u00a0<\/span><span style=\"font-family: var( --e-global-typography-text-font-family ), Sans-serif;font-size: var( --e-global-typography-text-font-size );font-weight: var( --e-global-typography-text-font-weight );text-align: var(--text-align);text-indent: 0px\">Pr\u00e9sentation<\/span><span style=\"font-family: var( --e-global-typography-text-font-family ), Sans-serif;font-size: var( --e-global-typography-text-font-size );font-weight: var( --e-global-typography-text-font-weight );text-align: var(--text-align);text-indent: 0px\">.\u00a0<\/span><i style=\"font-family: var( --e-global-typography-text-font-family ), Sans-serif;font-size: var( --e-global-typography-text-font-size );font-weight: var( --e-global-typography-text-font-weight );text-align: var(--text-align);text-indent: 0px\">J&rsquo;enseigne \u00e0 distance.<\/i><span style=\"text-indent: -1em;font-family: var( --e-global-typography-text-font-family ), Sans-serif;font-size: var( --e-global-typography-text-font-size );font-weight: var( --e-global-typography-text-font-weight );text-align: var(--text-align)\">\u00a0<a href=\"https:\/\/jenseigneadistance.teluq.ca\/mod\/page\/view.php?id=3\">https:\/\/jenseigneadistance.teluq.ca\/mod\/page\/view.php?id=3<\/a><\/span><\/div><div>\u00a0<\/div><div><span style=\"font-family: var( --e-global-typography-text-font-family ), Sans-serif;font-size: var( --e-global-typography-text-font-size );font-weight: var( --e-global-typography-text-font-weight );text-align: var(--text-align);text-indent: 0px\">Universit\u00e9 Laval.\u00a0<\/span><span style=\"font-family: var( --e-global-typography-text-font-family ), Sans-serif;font-size: var( --e-global-typography-text-font-size );font-weight: var( --e-global-typography-text-font-weight );text-align: var(--text-align);text-indent: 0px\">Enseigner \u00e0 l&rsquo;Universit\u00e9 Laval.<\/span><span style=\"font-family: var( --e-global-typography-text-font-family ), Sans-serif;font-size: var( --e-global-typography-text-font-size );font-weight: var( --e-global-typography-text-font-weight );text-align: var(--text-align);text-indent: 0px\">\u00a0(s.\u00a0d.).\u00a0<\/span><span style=\"font-family: var( --e-global-typography-text-font-family ), Sans-serif;font-size: var( --e-global-typography-text-font-size );font-weight: var( --e-global-typography-text-font-weight );text-align: var(--text-align);text-indent: 0px\"><i>Diff\u00e9rentes fonctions de l\u2019\u00e9valuation<\/i>.\u00a0<\/span><a href=\"https:\/\/www.enseigner.ulaval.ca\/pedagogie\/differentes-fonctions-de-levaluation\">https:\/\/www.enseigner.ulaval.ca\/pedagogie\/differentes-fonctions-de-levaluation<\/a><\/div><div>\u00a0<\/div><div><span style=\"text-indent: 0px\">Vignettes de p\u00e9dagogie active. (s.\u00a0d.).\u00a0<\/span><i style=\"text-indent: 0px\">Vignettes de p\u00e9dagogie active<\/i><span style=\"text-indent: 0px\">.<\/span><span style=\"text-indent: -1em;font-family: var( --e-global-typography-text-font-family ), Sans-serif;font-size: var( --e-global-typography-text-font-size );font-weight: var( --e-global-typography-text-font-weight );text-align: var(--text-align)\">\u00a0<a href=\"https:\/\/www.polymtl.ca\/vignettes\/\">https:\/\/www.polymtl.ca\/vignettes\/<\/a><\/span><\/div><div>\u00a0<\/div><div><span style=\"text-align: var(--text-align);text-indent: 0px\">Wiki<\/span><span style=\"text-align: var(--text-align);text-indent: 0px\">-TEDia<\/span><span style=\"text-align: var(--text-align);text-indent: 0px\">. (s.\u00a0d.).\u00a0<\/span><em style=\"text-indent: 0px\">Cat\u00e9gorie : Toutes les fiches<\/em><span style=\"text-indent: 0px\">.\u00a0<\/span><a style=\"text-indent: 0px\" href=\"https:\/\/wiki.teluq.ca\/wikitedia\/index.php\/Cat%C3%A9gorie:Toutes_les_fiches\">https:\/\/wiki.teluq.ca\/wikitedia\/index.php\/Cat%C3%A9gorie:Toutes_les_fiches<\/a><\/div><div>\u00a0<\/div><div><span style=\"text-indent: 0px\">Wiki-TEDia. (s.\u00a0d.).\u00a0<\/span><em style=\"text-align: var(--text-align);text-indent: 0px\">Taxonomie de Bloom r\u00e9vis\u00e9e <\/em><span style=\"text-indent: 0px\">(<\/span><span style=\"text-align: var(--text-align);text-indent: 0px\">Anderson<\/span><span style=\"text-align: var(--text-align);text-indent: 0px\">\u00a0<\/span><em style=\"text-align: var(--text-align);text-indent: 0px\">et al<\/em>.<span style=\"text-indent: 0px\">). <\/span><a style=\"text-align: var(--text-align);text-indent: 0px\" href=\"https:\/\/wiki.teluq.ca\/wikitedia\/index.php\/Taxonomie_de_Bloom_r%C3%A9vis%C3%A9e_(Anderson_et_al.)\">https:\/\/wiki.teluq.ca\/wikitedia\/index.php\/Taxonomie_de_Bloom_r%C3%A9vis%C3%A9e_(Anderson_et_al.)<\/a><\/div><\/div>\t\t\t\t\t\t\t\t<\/div>\n\t\t\t\t<\/div>\n\t\t\t\t\t<\/div>\n\t\t\t\t<\/div>\n\t\t\t\t<\/div>\n\t\t","protected":false},"excerpt":{"rendered":"<p>R\u00e9f\u00e9rences sur la microplanification Burton, R., Borruat, S., Charlier, B., Coltice, N., Deschryver, N., Docq, F., Eneau, J., Gueudet, G., Lameul, G., Lebrun, M., Lietart, A., Nagels, M., Peraya, D., Rossier, A., Renneboog, E. et Villiot-Leclercq, E. (2011). Vers une typologie des dispositifs hybrides de formation en enseignement sup\u00e9rieur. Distances et savoirs, 9(1), 69\u201196. https:\/\/shs.cairn.info\/revue-distances-et-savoirs-2011-1-page-69\u00a0Charlier,&#8230;<\/p>\n","protected":false},"author":27,"featured_media":0,"parent":0,"menu_order":0,"comment_status":"closed","ping_status":"closed","template":"","meta":{"_acf_changed":false,"_monsterinsights_skip_tracking":false,"_monsterinsights_sitenote_active":false,"_monsterinsights_sitenote_note":"","_monsterinsights_sitenote_category":0,"footnotes":""},"class_list":["post-363","page","type-page","status-publish","hentry"],"acf":[],"_links":{"self":[{"href":"https:\/\/elios.csfoy.ca\/formation-hybride\/wp-json\/wp\/v2\/pages\/363","targetHints":{"allow":["GET"]}}],"collection":[{"href":"https:\/\/elios.csfoy.ca\/formation-hybride\/wp-json\/wp\/v2\/pages"}],"about":[{"href":"https:\/\/elios.csfoy.ca\/formation-hybride\/wp-json\/wp\/v2\/types\/page"}],"author":[{"embeddable":true,"href":"https:\/\/elios.csfoy.ca\/formation-hybride\/wp-json\/wp\/v2\/users\/27"}],"replies":[{"embeddable":true,"href":"https:\/\/elios.csfoy.ca\/formation-hybride\/wp-json\/wp\/v2\/comments?post=363"}],"version-history":[{"count":72,"href":"https:\/\/elios.csfoy.ca\/formation-hybride\/wp-json\/wp\/v2\/pages\/363\/revisions"}],"predecessor-version":[{"id":2460,"href":"https:\/\/elios.csfoy.ca\/formation-hybride\/wp-json\/wp\/v2\/pages\/363\/revisions\/2460"}],"wp:attachment":[{"href":"https:\/\/elios.csfoy.ca\/formation-hybride\/wp-json\/wp\/v2\/media?parent=363"}],"curies":[{"name":"wp","href":"https:\/\/api.w.org\/{rel}","templated":true}]}}