{"id":369,"date":"2024-12-13T09:53:01","date_gmt":"2024-12-13T14:53:01","guid":{"rendered":"https:\/\/elios-dev.csfoy.ca\/pole-interordre-fad\/?page_id=369"},"modified":"2025-02-20T15:36:03","modified_gmt":"2025-02-20T20:36:03","slug":"ressources-inclusions","status":"publish","type":"page","link":"https:\/\/elios.csfoy.ca\/formation-hybride\/ressources-inclusions\/","title":{"rendered":"R\u00e9f\u00e9rences sur l&rsquo;inclusion"},"content":{"rendered":"\t\t<div data-elementor-type=\"wp-page\" data-elementor-id=\"369\" class=\"elementor elementor-369\">\n\t\t\t\t<div class=\"elementor-element elementor-element-8761ca8 e-flex e-con-boxed e-con e-parent\" data-id=\"8761ca8\" data-element_type=\"container\" data-e-type=\"container\">\n\t\t\t\t\t<div class=\"e-con-inner\">\n\t\t\t\t<div class=\"elementor-element elementor-element-99ca7ae elementor-widget elementor-widget-heading\" data-id=\"99ca7ae\" data-element_type=\"widget\" data-e-type=\"widget\" data-widget_type=\"heading.default\">\n\t\t\t\t<div class=\"elementor-widget-container\">\n\t\t\t\t\t<h2 class=\"elementor-heading-title elementor-size-default\">R\u00e9f\u00e9rences sur l'inclusion<\/h2>\t\t\t\t<\/div>\n\t\t\t\t<\/div>\n\t\t\t\t\t<\/div>\n\t\t\t\t<\/div>\n\t\t<div class=\"elementor-element elementor-element-63046375 e-flex e-con-boxed e-con e-parent\" data-id=\"63046375\" data-element_type=\"container\" data-e-type=\"container\">\n\t\t\t\t\t<div class=\"e-con-inner\">\n\t\t\t\t<div class=\"elementor-element elementor-element-6502bcec elementor-widget elementor-widget-text-editor\" data-id=\"6502bcec\" data-element_type=\"widget\" data-e-type=\"widget\" data-widget_type=\"text-editor.default\">\n\t\t\t\t<div class=\"elementor-widget-container\">\n\t\t\t\t\t\t\t\t\t<div style=\"line-height: 2;padding-left: 1em;text-indent: -1em\">\n<div>Ali-Benali, M. A. (2020). Pratiques inclusives en formation \u00e0 distance [Pr\u00e9sentation powerpoint]. <i>Centre de p\u00e9dagogie universitaire de l\u2019Universit\u00e9 de Montr\u00e9al<\/i>. <a href=\"https:\/\/fabriquerel.org\/wp-content\/uploads\/pratiques-inclusives-FAD-UdeM-fabriqueREL.pptx\">https:\/\/fabriquerel.org\/wp-content\/uploads\/pratiques-inclusives-FAD-UdeM-fabriqueREL.pptx<\/a><\/div>\n<div>&nbsp;<\/div>\n<div>Bowen, K., McCallister, M. et Hall, A.<span style=\"font-family: var( --e-global-typography-text-font-family ), Sans-serif;font-size: var( --e-global-typography-text-font-size );font-weight: var( --e-global-typography-text-font-weight );text-align: var(--text-align);text-indent: 0px\">&nbsp;(2023, 7 d\u00e9cembre).&nbsp;<\/span><em style=\"font-family: var( --e-global-typography-text-font-family ), Sans-serif;font-size: var( --e-global-typography-text-font-size );font-weight: var( --e-global-typography-text-font-weight );text-align: var(--text-align);text-indent: 0px\">Tips for creating inclusive learning spaces&nbsp;<\/em><span style=\"font-family: var( --e-global-typography-text-font-family ), Sans-serif;font-size: var( --e-global-typography-text-font-size );font-weight: var( --e-global-typography-text-font-weight );text-align: var(--text-align);text-indent: 0px\">[<\/span><span style=\"font-family: var( --e-global-typography-text-font-family ), Sans-serif;font-size: var( --e-global-typography-text-font-size );font-weight: var( --e-global-typography-text-font-weight );text-align: var(--text-align);text-indent: 0px\">audio<\/span><span style=\"font-family: var( --e-global-typography-text-font-family ), Sans-serif;font-size: var( --e-global-typography-text-font-size );font-weight: var( --e-global-typography-text-font-weight );text-align: var(--text-align);text-indent: 0px\">]<\/span><span style=\"font-family: var( --e-global-typography-text-font-family ), Sans-serif;font-size: var( --e-global-typography-text-font-size );font-weight: var( --e-global-typography-text-font-weight );text-align: var(--text-align);text-indent: 0px\">. EDUCAUSE Review. <\/span><a style=\"font-family: var( --e-global-typography-text-font-family ), Sans-serif;font-size: var( --e-global-typography-text-font-size );font-weight: var( --e-global-typography-text-font-weight );text-align: var(--text-align);text-indent: 0px\" href=\"https:\/\/er.educause.edu\/podcasts\/educause-exchange\/tips-for-creating-inclusive-learning-spaces\">https:\/\/er.educause.edu\/podcasts\/educause-exchange\/tips-for-creating-inclusive-learning-spaces<\/a><\/div>\n<div>&nbsp;<\/div>\n<div>\n<div><span style=\"text-indent: 0px;font-family: var( --e-global-typography-text-font-family ), Sans-serif;font-size: var( --e-global-typography-text-font-size );font-weight: var( --e-global-typography-text-font-weight );text-align: var(--text-align)\">Campus R\u00c9CIT. (s.&nbsp;d.).&nbsp;<\/span><em style=\"text-indent: 0px;font-family: var( --e-global-typography-text-font-family ), Sans-serif;font-size: var( --e-global-typography-text-font-size );font-weight: var( --e-global-typography-text-font-weight );text-align: var(--text-align)\">Cours\u202f: Produire des ressources num\u00e9riques accessibles.<\/em><span style=\"text-indent: 0px;font-family: var( --e-global-typography-text-font-family ), Sans-serif;font-size: var( --e-global-typography-text-font-size );font-weight: var( --e-global-typography-text-font-weight );text-align: var(--text-align)\">&nbsp;<\/span><a style=\"text-indent: 0px;font-family: var( --e-global-typography-text-font-family ), Sans-serif;font-size: var( --e-global-typography-text-font-size );font-weight: var( --e-global-typography-text-font-weight );text-align: var(--text-align)\" href=\"https:\/\/campus.recit.qc.ca\/course\/view.php?id=193\">https:\/\/campus.recit.qc.ca\/course\/view.php?id=193<\/a><\/div>\n<\/div>\n<div>&nbsp;<\/div>\n<div><span style=\"font-family: var( --e-global-typography-text-font-family ), Sans-serif;font-size: var( --e-global-typography-text-font-size );font-weight: var( --e-global-typography-text-font-weight );text-align: var(--text-align);text-indent: 0px\">CAST. (2024).&nbsp;<\/span><i style=\"font-family: var( --e-global-typography-text-font-family ), Sans-serif;font-size: var( --e-global-typography-text-font-size );font-weight: var( --e-global-typography-text-font-weight );text-align: var(--text-align);text-indent: 0px\">Universal design for learning<\/i><em style=\"font-family: var( --e-global-typography-text-font-family ), Sans-serif;font-size: var( --e-global-typography-text-font-size );font-weight: var( --e-global-typography-text-font-weight );text-align: var(--text-align);text-indent: 0px\">&nbsp;guidelines version 3.0<\/em><span style=\"font-family: var( --e-global-typography-text-font-family ), Sans-serif;font-size: var( --e-global-typography-text-font-size );font-weight: var( --e-global-typography-text-font-weight );text-align: var(--text-align);text-indent: 0px\">.&nbsp;<\/span><a href=\"https:\/\/udlguidelines.cast.org\">https:\/\/udlguidelines.cast.org<\/a><\/div>\n<div>&nbsp;<\/div>\n<div>Del\u00e9p\u00e9e, C. et H\u00e9bert, C. (2024). Accessibiliser une formation hybride. <i>\u00c9tudes &amp; P\u00e9dagogies<\/i>. <a href=\"https:\/\/doi.org\/10.20870\/eep.2024.7791\">https:\/\/doi.org\/10.20870\/eep.2024.7791<\/a><\/div>\n<div><span style=\"text-indent: 0px;font-family: var( --e-global-typography-text-font-family ), Sans-serif;font-size: var( --e-global-typography-text-font-size );font-weight: var( --e-global-typography-text-font-weight );text-align: var(--text-align)\">&nbsp;<\/span><\/div>\n<div><span style=\"text-indent: -1em;font-family: var( --e-global-typography-text-font-family ), Sans-serif;font-size: var( --e-global-typography-text-font-size );font-weight: var( --e-global-typography-text-font-weight );text-align: var(--text-align)\">Gravelle, F. (2018, 6 d\u00e9cembre).<\/span><span style=\"font-family: var( --e-global-typography-text-font-family ), Sans-serif;font-size: var( --e-global-typography-text-font-size );font-weight: var( --e-global-typography-text-font-weight );text-align: var(--text-align);text-indent: 0px\">&nbsp;Pratiques d\u2019enseignement inclusives et apprentissage en mode hybride\u202f: une combinaison pouvant mener \u00e0 la r\u00e9ussite!<\/span><em style=\"font-family: var( --e-global-typography-text-font-family ), Sans-serif;font-size: var( --e-global-typography-text-font-size );font-weight: var( --e-global-typography-text-font-weight );text-align: var(--text-align);text-indent: 0px\">&nbsp;P\u00e9dagogie universitaire<\/em><span style=\"font-family: var( --e-global-typography-text-font-family ), Sans-serif;font-size: var( --e-global-typography-text-font-size );font-weight: var( --e-global-typography-text-font-weight );text-align: var(--text-align);text-indent: 0px\">,&nbsp;<\/span><em style=\"font-family: var( --e-global-typography-text-font-family ), Sans-serif;font-size: var( --e-global-typography-text-font-size );font-weight: var( --e-global-typography-text-font-weight );text-align: var(--text-align);text-indent: 0px\">Le Tableau<\/em><span style=\"font-family: var( --e-global-typography-text-font-family ), Sans-serif;font-size: var( --e-global-typography-text-font-size );font-weight: var( --e-global-typography-text-font-weight );text-align: var(--text-align);text-indent: 0px\">,&nbsp;<\/span><em style=\"font-family: var( --e-global-typography-text-font-family ), Sans-serif;font-size: var( --e-global-typography-text-font-size );font-weight: var( --e-global-typography-text-font-weight );text-align: var(--text-align);text-indent: 0px\">7<\/em><span style=\"font-family: var( --e-global-typography-text-font-family ), Sans-serif;font-size: var( --e-global-typography-text-font-size );font-weight: var( --e-global-typography-text-font-weight );text-align: var(--text-align);text-indent: 0px\">(5).&nbsp;<\/span><a style=\"font-family: var( --e-global-typography-text-font-family ), Sans-serif;font-size: var( --e-global-typography-text-font-size );font-weight: var( --e-global-typography-text-font-weight );text-align: var(--text-align);text-indent: 0px\" href=\"https:\/\/pedagogie.uquebec.ca\/le-tableau\/pratiques-denseignement-inclusives-et-apprentissage-en-mode-hybride-une-combinaison\">https:\/\/pedagogie.uquebec.ca\/le-tableau\/pratiques-denseignement-inclusives-et-apprentissage-en-mode-hybride-une-combinaison<\/a><\/div>\n<div>&nbsp;<\/div>\n<div><span style=\"font-family: var( --e-global-typography-text-font-family ), Sans-serif;font-size: var( --e-global-typography-text-font-size );font-weight: var( --e-global-typography-text-font-weight );text-align: var(--text-align);text-indent: 0px\">Marceau, N., Lakhal, S. et S\u00e9guin, A. (2019). Conception d\u2019un cours priv\u00e9 en ligne (SPOC) sur la formation hybride pour le personnel p\u00e9dagogique du coll\u00e9gial \u00e0 partir de la conception universelle de l\u2019apprentissage\u202f: \u00e9tude de cas et consid\u00e9rations pratiques. Design of a private online course (SPOC) on hybrid training for college teaching staff based on the universal concept of learning: Case study and practical considerations.<\/span><span style=\"font-family: var( --e-global-typography-text-font-family ), Sans-serif;font-size: var( --e-global-typography-text-font-size );font-weight: var( --e-global-typography-text-font-weight );text-align: var(--text-align);text-indent: 0px\">&nbsp;<\/span><i style=\"font-family: var( --e-global-typography-text-font-family ), Sans-serif;font-size: var( --e-global-typography-text-font-size );font-weight: var( --e-global-typography-text-font-weight );text-align: var(--text-align);text-indent: 0px\">La Revue canadienne de l&rsquo;apprentissage et de la technologie.&nbsp;<\/i><i style=\"font-family: var( --e-global-typography-text-font-family ), Sans-serif;font-size: var( --e-global-typography-text-font-size );font-weight: var( --e-global-typography-text-font-weight );text-align: var(--text-align);text-indent: 0px\">Canadian Journal of Learning and Technology,<\/i><span style=\"font-family: var( --e-global-typography-text-font-family ), Sans-serif;font-size: var( --e-global-typography-text-font-size );font-weight: var( --e-global-typography-text-font-weight );text-align: var(--text-align);text-indent: 0px\">&nbsp;<\/span><em style=\"font-family: var( --e-global-typography-text-font-family ), Sans-serif;font-size: var( --e-global-typography-text-font-size );font-weight: var( --e-global-typography-text-font-weight );text-align: var(--text-align);text-indent: 0px\">45<\/em><span style=\"font-family: var( --e-global-typography-text-font-family ), Sans-serif;font-size: var( --e-global-typography-text-font-size );font-weight: var( --e-global-typography-text-font-weight );text-align: var(--text-align);text-indent: 0px\">(3)<\/span><span style=\"font-family: var( --e-global-typography-text-font-family ), Sans-serif;font-size: var( --e-global-typography-text-font-size );font-weight: var( --e-global-typography-text-font-weight );text-align: var(--text-align);text-indent: 0px\">.&nbsp;<a href=\"https:\/\/doi.org\/10.21432\/cjlt27862\">https:\/\/doi.org\/10.21432\/cjlt27862<\/a><\/span><span style=\"text-indent: -1em;font-family: var( --e-global-typography-text-font-family ), Sans-serif;font-size: var( --e-global-typography-text-font-size );font-weight: var( --e-global-typography-text-font-weight );text-align: var(--text-align)\">&nbsp;<\/span><\/div>\n<div>&nbsp;<\/div>\n<div>Minist\u00e8re de l\u2019\u00c9ducation. (2021). <i>Exemples g\u00e9n\u00e9raux de flexibilit\u00e9 p\u00e9dagogique<\/i>.&nbsp;<a href=\"https:\/\/cdn-contenu.quebec.ca\/cdn-contenu\/education\/pfeq\/ressources-pedagogiques\/Differenciation-pedago-outil-complementaire1.pdf\">https:\/\/cdn-contenu.quebec.ca\/cdn-contenu\/education\/pfeq\/ressources-pedagogiques\/Differenciation-pedago-outil-complementaire1.pdf<\/a><\/div>\n<div>&nbsp;<\/div>\n<div><span style=\"text-indent: 0px;font-family: var( --e-global-typography-text-font-family ), Sans-serif;font-size: var( --e-global-typography-text-font-size );font-weight: var( --e-global-typography-text-font-weight );text-align: var(--text-align)\">Raes, A., Detienne, L., Windey, I.&nbsp;<\/span><i style=\"text-indent: 0px;font-family: var( --e-global-typography-text-font-family ), Sans-serif;font-size: var( --e-global-typography-text-font-size );font-weight: var( --e-global-typography-text-font-weight );text-align: var(--text-align)\">et al<\/i><span style=\"text-indent: 0px;font-family: var( --e-global-typography-text-font-family ), Sans-serif;font-size: var( --e-global-typography-text-font-size );font-weight: var( --e-global-typography-text-font-weight );text-align: var(--text-align)\">. (2020). A systematic literature review on synchronous hybrid learning: Gaps identified.<\/span><span style=\"text-indent: 0px;font-family: var( --e-global-typography-text-font-family ), Sans-serif;font-size: var( --e-global-typography-text-font-size );font-weight: var( --e-global-typography-text-font-weight );text-align: var(--text-align)\">&nbsp;<\/span><em style=\"text-indent: 0px;font-family: var( --e-global-typography-text-font-family ), Sans-serif;font-size: var( --e-global-typography-text-font-size );font-weight: var( --e-global-typography-text-font-weight );text-align: var(--text-align)\">Learning Environments Research<\/em><span style=\"text-indent: 0px;font-family: var( --e-global-typography-text-font-family ), Sans-serif;font-size: var( --e-global-typography-text-font-size );font-weight: var( --e-global-typography-text-font-weight );text-align: var(--text-align)\">,<\/span><span style=\"text-indent: 0px;font-family: var( --e-global-typography-text-font-family ), Sans-serif;font-size: var( --e-global-typography-text-font-size );font-weight: var( --e-global-typography-text-font-weight );text-align: var(--text-align)\">&nbsp;<\/span><em style=\"text-indent: 0px;font-family: var( --e-global-typography-text-font-family ), Sans-serif;font-size: var( --e-global-typography-text-font-size );font-weight: var( --e-global-typography-text-font-weight );text-align: var(--text-align)\">23<\/em><span style=\"text-indent: 0px;font-family: var( --e-global-typography-text-font-family ), Sans-serif;font-size: var( --e-global-typography-text-font-size );font-weight: var( --e-global-typography-text-font-weight );text-align: var(--text-align)\">, 269\u2011290.<\/span><span style=\"text-indent: 0px;font-family: var( --e-global-typography-text-font-family ), Sans-serif;font-size: var( --e-global-typography-text-font-size );font-weight: var( --e-global-typography-text-font-weight );text-align: var(--text-align)\">&nbsp;<\/span><a style=\"text-indent: 0px;font-family: var( --e-global-typography-text-font-family ), Sans-serif;font-size: var( --e-global-typography-text-font-size );font-weight: var( --e-global-typography-text-font-weight );text-align: var(--text-align)\" href=\"https:\/\/doi.org\/10.1007\/s10984-019-09303-z\">https:\/\/doi.org\/10.1007\/s10984-019-09303-z<\/a><\/div>\n<div><span style=\"text-indent: -1em;font-family: var( --e-global-typography-text-font-family ), Sans-serif;font-size: var( --e-global-typography-text-font-size );font-weight: var( --e-global-typography-text-font-weight );text-align: var(--text-align)\"><br><\/span><\/div><div><span style=\"text-indent: -1em;font-family: var( --e-global-typography-text-font-family ), Sans-serif;font-size: var( --e-global-typography-text-font-size );font-weight: var( --e-global-typography-text-font-weight );text-align: var(--text-align)\">Tremblay, S., Turcotte, P. et Lebeau, F. (s.&nbsp;d.). <\/span><i style=\"text-indent: -1em;font-family: var( --e-global-typography-text-font-family ), Sans-serif;font-size: var( --e-global-typography-text-font-size );font-weight: var( --e-global-typography-text-font-weight );text-align: var(--text-align)\">Accueil &#8211; Les applications p\u00e9dagogiques de la conception universelle de l\u2019apprentissage<\/i><span style=\"text-indent: -1em;font-family: var( --e-global-typography-text-font-family ), Sans-serif;font-size: var( --e-global-typography-text-font-size );font-weight: var( --e-global-typography-text-font-weight );text-align: var(--text-align)\">. <\/span><a style=\"text-indent: -1em;font-family: var( --e-global-typography-text-font-family ), Sans-serif;font-size: var( --e-global-typography-text-font-size );font-weight: var( --e-global-typography-text-font-weight );text-align: var(--text-align)\" href=\"https:\/\/pcua.ca\/\">https:\/\/pcua.ca\/<\/a><\/div>\n<div>&nbsp;<\/div>\n<div>Turgeon, A. et Van Drom, A. (2019, 15 avril). Des outils num\u00e9riques pour soutenir une approche p\u00e9dagogique inclusive.<i> \u00c9ductive<\/i>. <a href=\"https:\/\/eductive.ca\/ressource\/outils-numeriques-pour-soutenir-une-approche-pedagogique-inclusive\/\">https:\/\/eductive.ca\/ressource\/outils-numeriques-pour-soutenir-une-approche-pedagogique-inclusive\/<\/a><\/div>\n<\/div>\t\t\t\t\t\t\t\t<\/div>\n\t\t\t\t<\/div>\n\t\t\t\t\t<\/div>\n\t\t\t\t<\/div>\n\t\t\t\t<\/div>\n\t\t","protected":false},"excerpt":{"rendered":"<p>R\u00e9f\u00e9rences sur l&rsquo;inclusion Ali-Benali, M. A. (2020). Pratiques inclusives en formation \u00e0 distance [Pr\u00e9sentation powerpoint]. Centre de p\u00e9dagogie universitaire de l\u2019Universit\u00e9 de Montr\u00e9al. https:\/\/fabriquerel.org\/wp-content\/uploads\/pratiques-inclusives-FAD-UdeM-fabriqueREL.pptx &nbsp; Bowen, K., McCallister, M. et Hall, A.&nbsp;(2023, 7 d\u00e9cembre).&nbsp;Tips for creating inclusive learning spaces&nbsp;. EDUCAUSE Review. https:\/\/er.educause.edu\/podcasts\/educause-exchange\/tips-for-creating-inclusive-learning-spaces &nbsp; Campus R\u00c9CIT. (s.&nbsp;d.).&nbsp;Cours\u202f: Produire des ressources num\u00e9riques accessibles.&nbsp;https:\/\/campus.recit.qc.ca\/course\/view.php?id=193 &nbsp; CAST. (2024).&nbsp;Universal design&#8230;<\/p>\n","protected":false},"author":27,"featured_media":0,"parent":0,"menu_order":0,"comment_status":"closed","ping_status":"closed","template":"","meta":{"_acf_changed":false,"_monsterinsights_skip_tracking":false,"_monsterinsights_sitenote_active":false,"_monsterinsights_sitenote_note":"","_monsterinsights_sitenote_category":0,"footnotes":""},"class_list":["post-369","page","type-page","status-publish","hentry"],"acf":[],"_links":{"self":[{"href":"https:\/\/elios.csfoy.ca\/formation-hybride\/wp-json\/wp\/v2\/pages\/369","targetHints":{"allow":["GET"]}}],"collection":[{"href":"https:\/\/elios.csfoy.ca\/formation-hybride\/wp-json\/wp\/v2\/pages"}],"about":[{"href":"https:\/\/elios.csfoy.ca\/formation-hybride\/wp-json\/wp\/v2\/types\/page"}],"author":[{"embeddable":true,"href":"https:\/\/elios.csfoy.ca\/formation-hybride\/wp-json\/wp\/v2\/users\/27"}],"replies":[{"embeddable":true,"href":"https:\/\/elios.csfoy.ca\/formation-hybride\/wp-json\/wp\/v2\/comments?post=369"}],"version-history":[{"count":68,"href":"https:\/\/elios.csfoy.ca\/formation-hybride\/wp-json\/wp\/v2\/pages\/369\/revisions"}],"predecessor-version":[{"id":2474,"href":"https:\/\/elios.csfoy.ca\/formation-hybride\/wp-json\/wp\/v2\/pages\/369\/revisions\/2474"}],"wp:attachment":[{"href":"https:\/\/elios.csfoy.ca\/formation-hybride\/wp-json\/wp\/v2\/media?parent=369"}],"curies":[{"name":"wp","href":"https:\/\/api.w.org\/{rel}","templated":true}]}}