{"id":379,"date":"2024-12-13T10:32:50","date_gmt":"2024-12-13T15:32:50","guid":{"rendered":"https:\/\/elios-dev.csfoy.ca\/pole-interordre-fad\/?page_id=379"},"modified":"2025-02-11T13:39:14","modified_gmt":"2025-02-11T18:39:14","slug":"projet","status":"publish","type":"page","link":"https:\/\/elios.csfoy.ca\/formation-hybride\/projet\/","title":{"rendered":"Projet"},"content":{"rendered":"\t\t<div data-elementor-type=\"wp-page\" data-elementor-id=\"379\" class=\"elementor elementor-379\">\n\t\t\t\t<div class=\"elementor-element elementor-element-47c57f1 e-flex e-con-boxed e-con e-parent\" data-id=\"47c57f1\" data-element_type=\"container\" data-e-type=\"container\">\n\t\t\t\t\t<div class=\"e-con-inner\">\n\t\t\t\t<div class=\"elementor-element elementor-element-a5e9627 elementor-widget elementor-widget-heading\" data-id=\"a5e9627\" data-element_type=\"widget\" data-e-type=\"widget\" data-widget_type=\"heading.default\">\n\t\t\t\t<div class=\"elementor-widget-container\">\n\t\t\t\t\t<h2 class=\"elementor-heading-title elementor-size-default\">Projet<\/h2>\t\t\t\t<\/div>\n\t\t\t\t<\/div>\n\t\t\t\t<div class=\"elementor-element elementor-element-ba1a2ca elementor-widget elementor-widget-image\" data-id=\"ba1a2ca\" data-element_type=\"widget\" data-e-type=\"widget\" data-widget_type=\"image.default\">\n\t\t\t\t<div class=\"elementor-widget-container\">\n\t\t\t\t\t\t\t\t\t\t\t\t\t\t\t<img decoding=\"async\" src=\"https:\/\/elios.csfoy.ca\/formation-hybride\/wp-content\/uploads\/sites\/19\/elementor\/thumbs\/iStock-1329447981-scaled-r1d06lzq9gvl6vnsh8xal5fn49ots9eydgkj73yfug.jpg\" title=\"Ideas with paper crumpled  ball with lightbulb.business creativity and solution\" alt=\"Id\u00e9es repr\u00e9sent\u00e9e par une boule de papier froiss\u00e9e qui repr\u00e9sente une ampoule.\" loading=\"lazy\" \/>\t\t\t\t\t\t\t\t\t\t\t\t\t\t\t<\/div>\n\t\t\t\t<\/div>\n\t\t\t\t\t<\/div>\n\t\t\t\t<\/div>\n\t\t<div class=\"elementor-element elementor-element-716b793a e-flex e-con-boxed e-con e-parent\" data-id=\"716b793a\" data-element_type=\"container\" data-e-type=\"container\">\n\t\t\t\t\t<div class=\"e-con-inner\">\n\t\t\t\t<div class=\"elementor-element elementor-element-52acb1e elementor-widget elementor-widget-spacer\" data-id=\"52acb1e\" data-element_type=\"widget\" data-e-type=\"widget\" data-widget_type=\"spacer.default\">\n\t\t\t\t<div class=\"elementor-widget-container\">\n\t\t\t\t\t\t\t<div class=\"elementor-spacer\">\n\t\t\t<div class=\"elementor-spacer-inner\"><\/div>\n\t\t<\/div>\n\t\t\t\t\t\t<\/div>\n\t\t\t\t<\/div>\n\t\t\t\t<div class=\"elementor-element elementor-element-24af83cc elementor-widget elementor-widget-text-editor\" data-id=\"24af83cc\" data-element_type=\"widget\" data-e-type=\"widget\" data-widget_type=\"text-editor.default\">\n\t\t\t\t<div class=\"elementor-widget-container\">\n\t\t\t\t\t\t\t\t\t<p>Genevi\u00e8ve Sauvageau, une enseignante en Soins infirmiers du C\u00e9gep de Sainte-Foy, a collabor\u00e9, \u00e0 la suite de sa maitrise en p\u00e9dagogie coll\u00e9giale, avec le<span style=\"color: #0000ff\"> <a style=\"color: #0000ff\" href=\"https:\/\/www.campus-expertise.gouv.qc.ca\/\" target=\"_blank\" rel=\"noreferrer noopener\">P\u00f4le d\u2019expertise interordres en formation \u00e0 distance (FAD)<\/a><\/span> pour recenser les ressources \u00e9ducatives num\u00e9riques existantes. De cette collaboration et de l\u2019int\u00e9r\u00eat de Genevi\u00e8ve pour la formation hybride, sujet de sa maitrise, est n\u00e9e l\u2019id\u00e9e de cr\u00e9er un site Web d\u00e9di\u00e9 \u00e0 ce mode d\u2019enseignement. Ce site a pour vocation de centraliser les ressources disponibles, de fournir des informations pertinentes et de proposer des outils adapt\u00e9s \u00e0 la formation hybride.\u00a0<\/p><p><!-- \/wp:paragraph --><!-- wp:paragraph --><\/p><p>Auparavant, les ressources \u00e9ducatives num\u00e9riques sp\u00e9cifiques \u00e0 la formation hybride \u00e9taient encore limit\u00e9es. Gr\u00e2ce \u00e0 l\u2019appel \u00e0 projets lanc\u00e9 par le P\u00f4le d\u2019expertise interordres en FAD, cette initiative a pu voir le jour et r\u00e9pondre \u00e0 un besoin croissant dans le milieu de l\u2019enseignement sup\u00e9rieur.\u00a0<\/p><p><!-- \/wp:paragraph --><!-- wp:paragraph --><\/p><p>Pour poser une question ou partager un commentaire au sujet de cette ressource, il est possible de contacter <span style=\"color: #0000ff\"><a style=\"color: #0000ff\" href=\"mailto:gsauvageau@csfoy.ca\" target=\"_blank\" rel=\"noreferrer noopener\">Genevi\u00e8ve Sauvageau<\/a> <\/span>par courriel.\u00a0<\/p><p><!-- \/wp:paragraph --><!-- wp:paragraph --><\/p><p><!-- \/wp:paragraph --><\/p>\t\t\t\t\t\t\t\t<\/div>\n\t\t\t\t<\/div>\n\t\t\t\t\t<\/div>\n\t\t\t\t<\/div>\n\t\t\t\t<\/div>\n\t\t","protected":false},"excerpt":{"rendered":"<p>Projet Genevi\u00e8ve Sauvageau, une enseignante en Soins infirmiers du C\u00e9gep de Sainte-Foy, a collabor\u00e9, \u00e0 la suite de sa maitrise en p\u00e9dagogie coll\u00e9giale, avec le P\u00f4le d\u2019expertise interordres en formation \u00e0 distance (FAD) pour recenser les ressources \u00e9ducatives num\u00e9riques existantes. De cette collaboration et de l\u2019int\u00e9r\u00eat de Genevi\u00e8ve pour la formation hybride, sujet de sa&#8230;<\/p>\n","protected":false},"author":27,"featured_media":0,"parent":0,"menu_order":0,"comment_status":"closed","ping_status":"closed","template":"elementor_header_footer","meta":{"_acf_changed":false,"_monsterinsights_skip_tracking":false,"_monsterinsights_sitenote_active":false,"_monsterinsights_sitenote_note":"","_monsterinsights_sitenote_category":0,"footnotes":""},"class_list":["post-379","page","type-page","status-publish","hentry"],"acf":[],"_links":{"self":[{"href":"https:\/\/elios.csfoy.ca\/formation-hybride\/wp-json\/wp\/v2\/pages\/379","targetHints":{"allow":["GET"]}}],"collection":[{"href":"https:\/\/elios.csfoy.ca\/formation-hybride\/wp-json\/wp\/v2\/pages"}],"about":[{"href":"https:\/\/elios.csfoy.ca\/formation-hybride\/wp-json\/wp\/v2\/types\/page"}],"author":[{"embeddable":true,"href":"https:\/\/elios.csfoy.ca\/formation-hybride\/wp-json\/wp\/v2\/users\/27"}],"replies":[{"embeddable":true,"href":"https:\/\/elios.csfoy.ca\/formation-hybride\/wp-json\/wp\/v2\/comments?post=379"}],"version-history":[{"count":67,"href":"https:\/\/elios.csfoy.ca\/formation-hybride\/wp-json\/wp\/v2\/pages\/379\/revisions"}],"predecessor-version":[{"id":1526,"href":"https:\/\/elios.csfoy.ca\/formation-hybride\/wp-json\/wp\/v2\/pages\/379\/revisions\/1526"}],"wp:attachment":[{"href":"https:\/\/elios.csfoy.ca\/formation-hybride\/wp-json\/wp\/v2\/media?parent=379"}],"curies":[{"name":"wp","href":"https:\/\/api.w.org\/{rel}","templated":true}]}}