{"id":435,"date":"2024-12-18T13:23:36","date_gmt":"2024-12-18T18:23:36","guid":{"rendered":"https:\/\/elios.csfoy.ca\/formation-hybride\/?page_id=435"},"modified":"2025-02-20T15:13:39","modified_gmt":"2025-02-20T20:13:39","slug":"references-sur-lengagement","status":"publish","type":"page","link":"https:\/\/elios.csfoy.ca\/formation-hybride\/references-sur-lengagement\/","title":{"rendered":"R\u00e9f\u00e9rences sur l&rsquo;engagement"},"content":{"rendered":"\t\t<div data-elementor-type=\"wp-page\" data-elementor-id=\"435\" class=\"elementor elementor-435\">\n\t\t\t\t<div class=\"elementor-element elementor-element-b28275b e-flex e-con-boxed e-con e-parent\" data-id=\"b28275b\" data-element_type=\"container\" data-e-type=\"container\">\n\t\t\t\t\t<div class=\"e-con-inner\">\n\t\t\t\t<div class=\"elementor-element elementor-element-0ccb896 elementor-widget elementor-widget-heading\" data-id=\"0ccb896\" data-element_type=\"widget\" data-e-type=\"widget\" data-widget_type=\"heading.default\">\n\t\t\t\t<div class=\"elementor-widget-container\">\n\t\t\t\t\t<h2 class=\"elementor-heading-title elementor-size-default\">R\u00e9f\u00e9rences sur l'engagement<\/h2>\t\t\t\t<\/div>\n\t\t\t\t<\/div>\n\t\t\t\t\t<\/div>\n\t\t\t\t<\/div>\n\t\t<div class=\"elementor-element elementor-element-6c50a9b6 e-flex e-con-boxed e-con e-parent\" data-id=\"6c50a9b6\" data-element_type=\"container\" data-e-type=\"container\">\n\t\t\t\t\t<div class=\"e-con-inner\">\n\t\t\t\t<div class=\"elementor-element elementor-element-78c9536f elementor-widget elementor-widget-text-editor\" data-id=\"78c9536f\" data-element_type=\"widget\" data-e-type=\"widget\" data-widget_type=\"text-editor.default\">\n\t\t\t\t<div class=\"elementor-widget-container\">\n\t\t\t\t\t\t\t\t\t<div><div><span style=\"font-family: var( --e-global-typography-text-font-family ), Sans-serif;font-size: var( --e-global-typography-text-font-size );font-weight: var( --e-global-typography-text-font-weight );text-align: var(--text-align)\">Baker, S., Gunn Watkinson, M., Honeyman, F., Mowll, J. et Tyulkina, S. (2024, 31 mai). Rethinking student engagement for \u2018hyflex\u2019 teaching and learning in post-compulsory settings: acknowledging flexibility and agency needed for unplanned events.<\/span><span style=\"font-family: var( --e-global-typography-text-font-family ), Sans-serif;font-size: var( --e-global-typography-text-font-size );font-weight: var( --e-global-typography-text-font-weight );text-align: var(--text-align)\">\u00a0<\/span><em style=\"font-family: var( --e-global-typography-text-font-family ), Sans-serif;font-size: var( --e-global-typography-text-font-size );font-weight: var( --e-global-typography-text-font-weight );text-align: var(--text-align)\">International Journal of Lifelong Education<\/em><span style=\"font-family: var( --e-global-typography-text-font-family ), Sans-serif;font-size: var( --e-global-typography-text-font-size );font-weight: var( --e-global-typography-text-font-weight );text-align: var(--text-align)\">,<\/span><span style=\"font-family: var( --e-global-typography-text-font-family ), Sans-serif;font-size: var( --e-global-typography-text-font-size );font-weight: var( --e-global-typography-text-font-weight );text-align: var(--text-align)\">\u00a0<\/span><i style=\"font-family: var( --e-global-typography-text-font-family ), Sans-serif;font-size: var( --e-global-typography-text-font-size );font-weight: var( --e-global-typography-text-font-weight );text-align: var(--text-align)\">43<\/i><span style=\"font-family: var( --e-global-typography-text-font-family ), Sans-serif;font-size: var( --e-global-typography-text-font-size );font-weight: var( --e-global-typography-text-font-weight );text-align: var(--text-align)\">(4), 432-447. <\/span><a style=\"font-family: var( --e-global-typography-text-font-family ), Sans-serif;font-size: var( --e-global-typography-text-font-size );font-weight: var( --e-global-typography-text-font-weight );text-align: var(--text-align)\" href=\"https:\/\/doi.org\/10.1080\/02601370.2024.2359595\">https:\/\/doi.org\/10.1080\/02601370.2024.2359595<\/a><span style=\"font-family: var( --e-global-typography-text-font-family ), Sans-serif;font-size: var( --e-global-typography-text-font-size );font-weight: var( --e-global-typography-text-font-weight );text-align: var(--text-align)\">\u00a0<\/span><\/div><div>\u00a0<\/div><div>Bois, C. (2023). <i>Bois_VF<\/i>. Genially. <a href=\"https:\/\/view.genially.com\/65aec96f9847a1001409d74f\/interactive-content-boisvf\">https:\/\/view.genially.com\/65aec96f9847a1001409d74f\/interactive-content-boisvf<\/a><\/div><div>\u00a0<\/div><div><span style=\"font-family: var( --e-global-typography-text-font-family ), Sans-serif;font-size: var( --e-global-typography-text-font-size );font-weight: var( --e-global-typography-text-font-weight );text-align: var(--text-align)\">Chemsi, G., Naciri, A., Sadiq, M. et Radid, M. (2024). Exploring student motivation in a hybrid learning environment: A descriptive study of moroccan students. In<\/span><span style=\"font-family: var( --e-global-typography-text-font-family ), Sans-serif;font-size: var( --e-global-typography-text-font-size );font-weight: var( --e-global-typography-text-font-weight );text-align: var(--text-align)\">\u00a0<\/span><em style=\"font-family: var( --e-global-typography-text-font-family ), Sans-serif;font-size: var( --e-global-typography-text-font-size );font-weight: var( --e-global-typography-text-font-weight );text-align: var(--text-align)\">Teaching and Assessment in the Era of Education 5.0<\/em><span style=\"font-family: var( --e-global-typography-text-font-family ), Sans-serif;font-size: var( --e-global-typography-text-font-size );font-weight: var( --e-global-typography-text-font-weight );text-align: var(--text-align)\">,\u00a0194\u2011203. IGI Global.<\/span><span style=\"font-family: var( --e-global-typography-text-font-family ), Sans-serif;font-size: var( --e-global-typography-text-font-size );font-weight: var( --e-global-typography-text-font-weight );text-align: var(--text-align)\">\u00a0<\/span><a style=\"font-family: var( --e-global-typography-text-font-family ), Sans-serif;font-size: var( --e-global-typography-text-font-size );font-weight: var( --e-global-typography-text-font-weight );text-align: var(--text-align)\" href=\"https:\/\/doi.org\/10.4018\/979-8-3693-3045-6.ch011\">https:\/\/doi.org\/10.4018\/979-8-3693-3045-6.ch011<\/a><span style=\"font-family: var( --e-global-typography-text-font-family ), Sans-serif;font-size: var( --e-global-typography-text-font-size );font-weight: var( --e-global-typography-text-font-weight );text-align: var(--text-align)\">\u00a0<\/span><\/div><div>\u00a0<\/div><div><span style=\"text-align: var(--text-align)\">Dufour, J.-D. et Tessier, H. (2012). Questions et consignes de travaux, mati\u00e8re \u00e0 d\u00e9veloppement.\u00a0<\/span><em style=\"text-align: var(--text-align)\">P\u00e9dagogie coll\u00e9giale<\/em><span style=\"text-align: var(--text-align)\">,\u00a0<\/span><em style=\"text-align: var(--text-align)\">25<\/em><span style=\"text-align: var(--text-align)\">(3), 14\u201119. <\/span><a style=\"text-align: var(--text-align)\" href=\"https:\/\/mobile.eduq.info\/xmlui\/handle\/11515\/21856?show=full\">https:\/\/mobile.eduq.info\/xmlui\/handle\/11515\/21856?show=full<\/a><\/div><div>\u00a0<\/div><div>Dussarps, C. (2015). L\u2019abandon en formation \u00e0 distance. <i>Distances et m\u00e9diations des savoirs. Distance and Mediation of Knowledge<\/i>, <i>3<\/i>(10), article 10. <a href=\"https:\/\/doi.org\/10.4000\/dms.1039\">https:\/\/doi.org\/10.4000\/dms.1039<\/a><\/div><div>\u00a0<\/div><div>Fredricks, J. A., Blumenfeld, P. C. et Paris, A. H. (2004). School engagement: Potential of the concept, state of the evidence.\u00a0<em>Review of Educational Research<\/em>,\u00a0<em>74<\/em>(1), 59\u2011109.\u00a0<a href=\"https:\/\/www.researchgate.net\/publication\/249797781_School_Engagement_Potential_of_the_Concept_State_of_the_Evidence\">https:\/\/www.researchgate.net\/publication\/249797781_School_Engagement_Potential_of_the_Concept_State_of_the_Evidence<\/a><\/div><div>\u00a0<\/div><p>Heilporn, G. (2021).\u00a0<em>Strat\u00e9gies favorisant l\u2019engagement des \u00e9tudiants dans des modalit\u00e9s de cours hybrides en enseignement sup\u00e9rieur<\/em>\u00a0[th\u00e8se de doctorat, Universit\u00e9 de Sherbrooke]. Savoirs UdeS.\u00a0<a href=\"https:\/\/savoirs.usherbrooke.ca\/handle\/11143\/18359\">https:\/\/savoirs.usherbrooke.ca\/handle\/11143\/18359<\/a><\/p><div><p>Heilporn, G., Lakhal, S. et B\u00e9lisle, M. (2021).\u00a0<em>Heilporn_VF<\/em>. Genially.\u00a0<a href=\"https:\/\/view.genially.com\/661fbaf5af56480014b7b651\/interactive-content-heilpornvf\">https:\/\/view.genially.com\/661fbaf5af56480014b7b651\/interactive-content-heilpornvf<\/a><\/p><\/div><div><span style=\"text-indent: -1em;font-family: var( --e-global-typography-text-font-family ), Sans-serif;font-size: var( --e-global-typography-text-font-size );font-weight: var( --e-global-typography-text-font-weight );text-align: var(--text-align)\">Heilporn, G., Lakhal, S. et B\u00e9lisle, M. (2021, hiver). <\/span>Des strat\u00e9gies pour favoriser l\u2019engagement des \u00e9tudiants dans des cours hybrides<span style=\"text-indent: -1em;font-family: var( --e-global-typography-text-font-family ), Sans-serif;font-size: var( --e-global-typography-text-font-size );font-weight: var( --e-global-typography-text-font-weight );text-align: var(--text-align)\">. <em>P\u00e9dagogie coll\u00e9giale<\/em>, <em>34<\/em>(2), 4-12.\u00a0<\/span><a href=\"https:\/\/mobile.eduq.info\/xmlui\/bitstream\/handle\/11515\/38112\/heilporn-et-al-34-2-21.pdf?sequence=2&amp;isAllowed=y\"><span style=\"text-align: var(--text-align)\">https:\/\/mobile.eduq.info\/xmlui\/bitstream\/handle\/11515\/38112\/heilporn-et-al-34-2-21.pdf?sequence=2&amp;isAllowed=y<\/span><\/a><\/div><div>\u00a0<\/div><div><span style=\"font-family: var( --e-global-typography-text-font-family ), Sans-serif;font-size: var( --e-global-typography-text-font-size );font-weight: var( --e-global-typography-text-font-weight );text-align: var(--text-align)\">Heilporn, G., Lakhal, S., B\u00e9lisle, M. et St-Onge, C. (2021). Engagement des \u00e9tudiants\u202f: une \u00e9chelle de mesure multidimensionnelle appliqu\u00e9e \u00e0 des modalit\u00e9s de cours hybrides universitaires. <\/span><i style=\"font-family: var( --e-global-typography-text-font-family ), Sans-serif;font-size: var( --e-global-typography-text-font-size );font-weight: var( --e-global-typography-text-font-weight );text-align: var(--text-align)\">Mesure et \u00e9valuation en \u00e9ducation<\/i><span style=\"font-family: var( --e-global-typography-text-font-family ), Sans-serif;font-size: var( --e-global-typography-text-font-size );font-weight: var( --e-global-typography-text-font-weight );text-align: var(--text-align)\">, <\/span><i style=\"font-family: var( --e-global-typography-text-font-family ), Sans-serif;font-size: var( --e-global-typography-text-font-size );font-weight: var( --e-global-typography-text-font-weight );text-align: var(--text-align)\">43<\/i><span style=\"font-family: var( --e-global-typography-text-font-family ), Sans-serif;font-size: var( --e-global-typography-text-font-size );font-weight: var( --e-global-typography-text-font-weight );text-align: var(--text-align)\">(2), 1\u201134. <a href=\"https:\/\/doi.org\/10.7202\/1081043ar\">https:\/\/doi.org\/10.7202\/1081043ar<\/a><\/span><\/div><div>\u00a0<\/div><div><span style=\"font-family: var( --e-global-typography-text-font-family ), Sans-serif;font-size: var( --e-global-typography-text-font-size );font-weight: var( --e-global-typography-text-font-weight );text-align: var(--text-align)\">Jeffrey, L., Milne, J., Suddaby, G. et Higgins, A. (2014). Blended learning\u202f: How teachers balance the blend of online and classroom components.<\/span><span style=\"font-family: var( --e-global-typography-text-font-family ), Sans-serif;font-size: var( --e-global-typography-text-font-size );font-weight: var( --e-global-typography-text-font-weight );text-align: var(--text-align)\">\u00a0<\/span><em style=\"font-family: var( --e-global-typography-text-font-family ), Sans-serif;font-size: var( --e-global-typography-text-font-size );font-weight: var( --e-global-typography-text-font-weight );text-align: var(--text-align)\">Journal of Information Technology Education: Research<\/em><span style=\"font-family: var( --e-global-typography-text-font-family ), Sans-serif;font-size: var( --e-global-typography-text-font-size );font-weight: var( --e-global-typography-text-font-weight );text-align: var(--text-align)\">,<\/span><span style=\"font-family: var( --e-global-typography-text-font-family ), Sans-serif;font-size: var( --e-global-typography-text-font-size );font-weight: var( --e-global-typography-text-font-weight );text-align: var(--text-align)\">\u00a0<\/span><em style=\"font-family: var( --e-global-typography-text-font-family ), Sans-serif;font-size: var( --e-global-typography-text-font-size );font-weight: var( --e-global-typography-text-font-weight );text-align: var(--text-align)\">13<\/em><span style=\"font-family: var( --e-global-typography-text-font-family ), Sans-serif;font-size: var( --e-global-typography-text-font-size );font-weight: var( --e-global-typography-text-font-weight );text-align: var(--text-align)\">, 121\u2011140.<\/span><span style=\"font-family: var( --e-global-typography-text-font-family ), Sans-serif;font-size: var( --e-global-typography-text-font-size );font-weight: var( --e-global-typography-text-font-weight );text-align: var(--text-align)\">\u00a0<\/span><a style=\"font-family: var( --e-global-typography-text-font-family ), Sans-serif;font-size: var( --e-global-typography-text-font-size );font-weight: var( --e-global-typography-text-font-weight );text-align: var(--text-align)\" href=\"https:\/\/doi.org\/10.28945\/1968\">https:\/\/doi.org\/10.28945\/1968<\/a><span style=\"font-family: var( --e-global-typography-text-font-family ), Sans-serif;font-size: var( --e-global-typography-text-font-size );font-weight: var( --e-global-typography-text-font-weight );text-align: var(--text-align)\">\u00a0<\/span><\/div><div>\u00a0<\/div><div><span style=\"font-family: var( --e-global-typography-text-font-family ), Sans-serif;font-size: var( --e-global-typography-text-font-size );font-weight: var( --e-global-typography-text-font-weight );text-align: var(--text-align)\">Lakhal, S. (2019).\u00a0<\/span><span style=\"font-family: var( --e-global-typography-text-font-family ), Sans-serif;font-size: var( --e-global-typography-text-font-size );font-weight: var( --e-global-typography-text-font-weight );text-align: var(--text-align)\">Les d\u00e9terminants technologiques de la pers\u00e9v\u00e9rance des \u00e9tudiants dans les cours \u00e0 distance de niveau coll\u00e9gial\u202f: les modalit\u00e9s de cours jouent-elles un r\u00f4le? Technological determinants of student persistence in college distance education courses: Do course delivery modes play a role?<\/span><span style=\"font-family: var( --e-global-typography-text-font-family ), Sans-serif;font-size: var( --e-global-typography-text-font-size );font-weight: var( --e-global-typography-text-font-weight );text-align: var(--text-align)\">\u00a0<\/span><i style=\"font-family: var( --e-global-typography-text-font-family ), Sans-serif;font-size: var( --e-global-typography-text-font-size );font-weight: var( --e-global-typography-text-font-weight );text-align: var(--text-align)\">La Revue canadienne de l&rsquo;apprentissage et de la technologie<\/i><span style=\"font-family: var( --e-global-typography-text-font-family ), Sans-serif;font-size: var( --e-global-typography-text-font-size );font-weight: var( --e-global-typography-text-font-weight );text-align: var(--text-align)\">.<\/span><i style=\"font-family: var( --e-global-typography-text-font-family ), Sans-serif;font-size: var( --e-global-typography-text-font-size );font-weight: var( --e-global-typography-text-font-weight );text-align: var(--text-align)\">\u00a0Canadian Journal of Learning and Technology<\/i><span style=\"font-family: var( --e-global-typography-text-font-family ), Sans-serif;font-size: var( --e-global-typography-text-font-size );font-weight: var( --e-global-typography-text-font-weight );text-align: var(--text-align)\">,<\/span><em style=\"font-family: var( --e-global-typography-text-font-family ), Sans-serif;font-size: var( --e-global-typography-text-font-size );font-weight: var( --e-global-typography-text-font-weight );text-align: var(--text-align)\">\u00a0<\/em><em style=\"font-family: var( --e-global-typography-text-font-family ), Sans-serif;font-size: var( --e-global-typography-text-font-size );font-weight: var( --e-global-typography-text-font-weight );text-align: var(--text-align)\">45<\/em><span style=\"font-family: var( --e-global-typography-text-font-family ), Sans-serif;font-size: var( --e-global-typography-text-font-size );font-weight: var( --e-global-typography-text-font-weight );text-align: var(--text-align)\">(2)<\/span><span style=\"font-family: var( --e-global-typography-text-font-family ), Sans-serif;font-size: var( --e-global-typography-text-font-size );font-weight: var( --e-global-typography-text-font-weight );text-align: var(--text-align)\">.\u00a0<a href=\"https:\/\/doi.org\/10.21432\/cjlt27813\">https:\/\/doi.org\/10.21432\/cjlt27813<\/a><\/span><\/div><div>\u00a0<\/div><div>Leblanc, C. et Guillemette, F. (2014). Consignes claires : travail r\u00e9ussi! <i>P\u00e9dagogie universitaire<\/i>, <i>Le Tableau<\/i>, <i>3<\/i>(2). <a href=\"https:\/\/pedagogie.uquebec.ca\/sites\/default\/files\/documents\/numeros-tableau\/tableau_vol3_n2-2014.pdf\">https:\/\/pedagogie.uquebec.ca\/sites\/default\/files\/documents\/numeros-tableau\/tableau_vol3_n2-2014.pdf<\/a><\/div><div>\u00a0<\/div><div>McGarry, B. J., Theobald, K., Lewis, P. A. et Coyer, F. (2015). Flexible learning design in curriculum delivery promotes student engagement and develops metacognitive learners: An integrated review. <i>Nurse Education Today<\/i>, <i>35<\/i>(9), 966\u2011973. <a href=\"https:\/\/doi.org\/10.1016\/j.nedt.2015.06.009\">https:\/\/doi.org\/10.1016\/j.nedt.2015.06.009<\/a><\/div><div>\u00a0<\/div><div><p>Parr, M. (2019). Pour apprivoiser la distance\u202f: guide de formation et de soutien aux acteurs de la formation \u00e0 distance.\u00a0<i>Le R\u00e9seau d&rsquo;enseignement francophone \u00e0 distance<\/i>.\u00a0<a href=\"https:\/\/www.refad.ca\/wp-content\/uploads\/2019\/05\/Pour_apprivoiser_la_distance__-_Guide_de_formation_et_de_soutien_aux_acteurs_de_la_FAD.pdf\">https:\/\/www.refad.ca\/wp-content\/uploads\/2019\/05\/Pour_apprivoiser_la_distance__-_Guide_de_formation_et_de_soutien_aux_acteurs_de_la_FAD.pdf<\/a><i style=\"font-family: var( --e-global-typography-text-font-family ), Sans-serif;font-size: var( --e-global-typography-text-font-size );font-weight: var( --e-global-typography-text-font-weight );text-align: var(--text-align)\">\u00a0<\/i><\/p><\/div><div><span style=\"font-family: var( --e-global-typography-text-font-family ), Sans-serif;font-size: var( --e-global-typography-text-font-size );font-weight: var( --e-global-typography-text-font-weight );text-align: var(--text-align)\">VanBeselaere, C., &amp; Roberts, T. (2024). Student engagement across course teaching modalities. <\/span><i style=\"font-family: var( --e-global-typography-text-font-family ), Sans-serif;font-size: var( --e-global-typography-text-font-size );font-weight: var( --e-global-typography-text-font-weight );text-align: var(--text-align)\">The Canadian Journal for the Scholarship of Teaching and Learning<\/i><span style=\"font-family: var( --e-global-typography-text-font-family ), Sans-serif;font-size: var( --e-global-typography-text-font-size );font-weight: var( --e-global-typography-text-font-weight );text-align: var(--text-align)\">, <\/span><i style=\"font-family: var( --e-global-typography-text-font-family ), Sans-serif;font-size: var( --e-global-typography-text-font-size );font-weight: var( --e-global-typography-text-font-weight );text-align: var(--text-align)\">15<\/i><span style=\"font-family: var( --e-global-typography-text-font-family ), Sans-serif;font-size: var( --e-global-typography-text-font-size );font-weight: var( --e-global-typography-text-font-weight );text-align: var(--text-align)\">(1). <\/span><a style=\"font-family: var( --e-global-typography-text-font-family ), Sans-serif;font-size: var( --e-global-typography-text-font-size );font-weight: var( --e-global-typography-text-font-weight );text-align: var(--text-align)\" href=\"https:\/\/doi.org\/10.5206\/cjsotlrcacea.2024.1.15059\">https:\/\/doi.org\/10.5206\/cjsotlrcacea.2024.1.15059<\/a><\/div><div><span style=\"text-indent: -1em;font-family: var( --e-global-typography-text-font-family ), Sans-serif;font-size: var( --e-global-typography-text-font-size );font-weight: var( --e-global-typography-text-font-weight );text-align: var(--text-align)\">\u00a0<\/span><\/div><div><span style=\"text-indent: -1em;font-family: var( --e-global-typography-text-font-family ), Sans-serif;font-size: var( --e-global-typography-text-font-size );font-weight: var( --e-global-typography-text-font-weight );text-align: var(--text-align)\">Viau, R. (2000). <\/span>Des conditions \u00e0 respecter pour susciter la motivation des \u00e9l\u00e8ves<span style=\"text-indent: -1em;font-family: var( --e-global-typography-text-font-family ), Sans-serif;font-size: var( --e-global-typography-text-font-size );font-weight: var( --e-global-typography-text-font-weight );text-align: var(--text-align)\">. <em>Correspondance<\/em>, <em>5<\/em>(3).\u00a0<\/span><a href=\"https:\/\/correspo.ccdmd.qc.ca\/wp-content\/uploads\/2018\/10\/correspondance-connaitre-les-regles-grammaticales-necessaire-mais-insuffisant-des-conditions-a-respecter-pour-susciter-la-motivation-des-eleves-.pdf\"><span style=\"text-align: var(--text-align)\">https:\/\/correspo.ccdmd.qc.ca\/wp-content\/uploads\/2018\/10\/correspondance-connaitre-les-regles-grammaticales-necessaire-mais-insuffisant-des-conditions-a-respecter-pour-susciter-la-motivation-des-eleves-.pdf<\/span><\/a><\/div><\/div>\t\t\t\t\t\t\t\t<\/div>\n\t\t\t\t<\/div>\n\t\t\t\t\t<\/div>\n\t\t\t\t<\/div>\n\t\t\t\t<\/div>\n\t\t","protected":false},"excerpt":{"rendered":"<p>R\u00e9f\u00e9rences sur l&rsquo;engagement Baker, S., Gunn Watkinson, M., Honeyman, F., Mowll, J. et Tyulkina, S. (2024, 31 mai). Rethinking student engagement for \u2018hyflex\u2019 teaching and learning in post-compulsory settings: acknowledging flexibility and agency needed for unplanned events.\u00a0International Journal of Lifelong Education,\u00a043(4), 432-447. https:\/\/doi.org\/10.1080\/02601370.2024.2359595\u00a0\u00a0Bois, C. (2023). Bois_VF. Genially. https:\/\/view.genially.com\/65aec96f9847a1001409d74f\/interactive-content-boisvf\u00a0Chemsi, G., Naciri, A., Sadiq, M. et Radid,&#8230;<\/p>\n","protected":false},"author":27,"featured_media":0,"parent":0,"menu_order":0,"comment_status":"closed","ping_status":"closed","template":"","meta":{"_acf_changed":false,"_monsterinsights_skip_tracking":false,"_monsterinsights_sitenote_active":false,"_monsterinsights_sitenote_note":"","_monsterinsights_sitenote_category":0,"footnotes":""},"class_list":["post-435","page","type-page","status-publish","hentry"],"acf":[],"_links":{"self":[{"href":"https:\/\/elios.csfoy.ca\/formation-hybride\/wp-json\/wp\/v2\/pages\/435","targetHints":{"allow":["GET"]}}],"collection":[{"href":"https:\/\/elios.csfoy.ca\/formation-hybride\/wp-json\/wp\/v2\/pages"}],"about":[{"href":"https:\/\/elios.csfoy.ca\/formation-hybride\/wp-json\/wp\/v2\/types\/page"}],"author":[{"embeddable":true,"href":"https:\/\/elios.csfoy.ca\/formation-hybride\/wp-json\/wp\/v2\/users\/27"}],"replies":[{"embeddable":true,"href":"https:\/\/elios.csfoy.ca\/formation-hybride\/wp-json\/wp\/v2\/comments?post=435"}],"version-history":[{"count":101,"href":"https:\/\/elios.csfoy.ca\/formation-hybride\/wp-json\/wp\/v2\/pages\/435\/revisions"}],"predecessor-version":[{"id":2443,"href":"https:\/\/elios.csfoy.ca\/formation-hybride\/wp-json\/wp\/v2\/pages\/435\/revisions\/2443"}],"wp:attachment":[{"href":"https:\/\/elios.csfoy.ca\/formation-hybride\/wp-json\/wp\/v2\/media?parent=435"}],"curies":[{"name":"wp","href":"https:\/\/api.w.org\/{rel}","templated":true}]}}