{"id":65,"date":"2024-10-15T10:09:25","date_gmt":"2024-10-15T14:09:25","guid":{"rendered":"https:\/\/elios-dev.csfoy.ca\/pole-interordre-fad\/?page_id=2"},"modified":"2025-11-11T11:02:59","modified_gmt":"2025-11-11T16:02:59","slug":"accueil","status":"publish","type":"page","link":"https:\/\/elios.csfoy.ca\/formation-hybride\/","title":{"rendered":"Accueil"},"content":{"rendered":"\t\t<div data-elementor-type=\"wp-page\" data-elementor-id=\"65\" class=\"elementor elementor-65\">\n\t\t\t\t<div class=\"elementor-element elementor-element-c01adfb e-flex e-con-boxed e-con e-parent\" data-id=\"c01adfb\" data-element_type=\"container\" data-e-type=\"container\">\n\t\t\t\t\t<div class=\"e-con-inner\">\n\t\t\t\t<div class=\"elementor-element elementor-element-6665e03 elementor-widget elementor-widget-image\" data-id=\"6665e03\" data-element_type=\"widget\" data-e-type=\"widget\" data-widget_type=\"image.default\">\n\t\t\t\t<div class=\"elementor-widget-container\">\n\t\t\t\t\t\t\t\t\t\t\t\t<figure class=\"wp-caption\">\n\t\t\t\t\t\t\t\t\t\t<img decoding=\"async\" src=\"https:\/\/elios.csfoy.ca\/formation-hybride\/wp-content\/uploads\/sites\/19\/elementor\/thumbs\/iStock-1193685384-scaled-r1d06apnzgg5bk46b41rr8a3zn8f7w66bwqpfsf5x4.jpg\" title=\"Being organized is essential for getting work done\" alt=\"Ordinateur portable sur un bureau avec plusieurs autres accessoires de travail et des plantes.\" loading=\"lazy\" \/>\t\t\t\t\t\t\t\t\t\t\t<figcaption class=\"widget-image-caption wp-caption-text\"><\/figcaption>\n\t\t\t\t\t\t\t\t\t\t<\/figure>\n\t\t\t\t\t\t\t\t\t<\/div>\n\t\t\t\t<\/div>\n\t\t\t\t\t<\/div>\n\t\t\t\t<\/div>\n\t\t<div class=\"elementor-element elementor-element-036f532 e-flex e-con-boxed e-con e-parent\" data-id=\"036f532\" data-element_type=\"container\" data-e-type=\"container\">\n\t\t\t\t\t<div class=\"e-con-inner\">\n\t\t\t\t<div class=\"elementor-element elementor-element-6c6dd52 elementor-widget elementor-widget-spacer\" data-id=\"6c6dd52\" data-element_type=\"widget\" data-e-type=\"widget\" data-widget_type=\"spacer.default\">\n\t\t\t\t<div class=\"elementor-widget-container\">\n\t\t\t\t\t\t\t<div class=\"elementor-spacer\">\n\t\t\t<div class=\"elementor-spacer-inner\"><\/div>\n\t\t<\/div>\n\t\t\t\t\t\t<\/div>\n\t\t\t\t<\/div>\n\t\t\t\t<div class=\"elementor-element elementor-element-6ea3c3e elementor-widget elementor-widget-text-editor\" data-id=\"6ea3c3e\" data-element_type=\"widget\" data-e-type=\"widget\" data-widget_type=\"text-editor.default\">\n\t\t\t\t<div class=\"elementor-widget-container\">\n\t\t\t\t\t\t\t\t\t<p>Bienvenue sur notre plateforme d\u00e9di\u00e9e \u00e0 la formation hybride, con\u00e7ue dans le cadre de l\u2019appel \u00e0 projets du <strong>P\u00f4le d\u2019expertise interordres en formation \u00e0 distance (FAD)<\/strong>.<\/p><p>Ce site a \u00e9t\u00e9 soigneusement \u00e9labor\u00e9 pour soutenir les personnes enseignantes et conseill\u00e8res p\u00e9dagogiques de l\u2019enseignement sup\u00e9rieur dans la conception et la mise en \u0153uvre de cours hybrides, tout en proposant des strat\u00e9gies d\u2019accompagnement adapt\u00e9es aux besoins des personnes \u00e9tudiantes.<\/p><p>Dans un contexte o\u00f9 les modes de prestation \u00e9voluent \u00e0 un rythme effr\u00e9n\u00e9, la formation hybride se pr\u00e9sente comme une r\u00e9ponse innovante et flexible aux d\u00e9fis actuels de l\u2019enseignement sup\u00e9rieur. Cette plateforme regroupe des outils pratiques, des informations pertinentes et des ressources indispensables pour faciliter la conception de vos cours et optimiser l\u2019accompagnement des personnes \u00e9tudiantes.<\/p><p>Que ce soit en pr\u00e9sence ou en ligne, notre objectif est de vous offrir les moyens n\u00e9cessaires pour maximiser l\u2019engagement et la r\u00e9ussite des personnes \u00e9tudiantes tout au long de leur parcours. Plongez dans cette exp\u00e9rience enrichissante et d\u00e9couvrez comment transformer vos approches p\u00e9dagogiques avec la formation hybride.<\/p>\t\t\t\t\t\t\t\t<\/div>\n\t\t\t\t<\/div>\n\t\t\t\t\t<\/div>\n\t\t\t\t<\/div>\n\t\t<div class=\"elementor-element elementor-element-7aa4e9a8 e-con-full e-flex e-con e-parent\" data-id=\"7aa4e9a8\" data-element_type=\"container\" data-e-type=\"container\">\n\t\t\t\t<div class=\"elementor-element elementor-element-8f7bb47 elementor-widget elementor-widget-n-accordion\" data-id=\"8f7bb47\" data-element_type=\"widget\" data-e-type=\"widget\" data-settings=\"{&quot;default_state&quot;:&quot;expanded&quot;,&quot;max_items_expended&quot;:&quot;one&quot;,&quot;n_accordion_animation_duration&quot;:{&quot;unit&quot;:&quot;ms&quot;,&quot;size&quot;:400,&quot;sizes&quot;:[]}}\" data-widget_type=\"nested-accordion.default\">\n\t\t\t\t<div class=\"elementor-widget-container\">\n\t\t\t\t\t\t\t<div class=\"e-n-accordion\" aria-label=\"Accordion. Open links with Enter or Space, close with Escape, and navigate with Arrow Keys\">\n\t\t\t\t\t\t<details id=\"e-n-accordion-item-1500\" class=\"e-n-accordion-item\" open>\n\t\t\t\t<summary class=\"e-n-accordion-item-title\" data-accordion-index=\"1\" tabindex=\"0\" aria-expanded=\"true\" aria-controls=\"e-n-accordion-item-1500\" >\n\t\t\t\t\t<span class='e-n-accordion-item-title-header'><div class=\"e-n-accordion-item-title-text\"> Notre \u00e9quipe <\/div><\/span>\n\t\t\t\t\t\t\t<span class='e-n-accordion-item-title-icon'>\n\t\t\t<span class='e-opened' ><svg aria-hidden=\"true\" class=\"e-font-icon-svg e-fas-minus\" viewBox=\"0 0 448 512\" xmlns=\"http:\/\/www.w3.org\/2000\/svg\"><path d=\"M416 208H32c-17.67 0-32 14.33-32 32v32c0 17.67 14.33 32 32 32h384c17.67 0 32-14.33 32-32v-32c0-17.67-14.33-32-32-32z\"><\/path><\/svg><\/span>\n\t\t\t<span class='e-closed'><svg aria-hidden=\"true\" class=\"e-font-icon-svg e-fas-plus\" viewBox=\"0 0 448 512\" xmlns=\"http:\/\/www.w3.org\/2000\/svg\"><path d=\"M416 208H272V64c0-17.67-14.33-32-32-32h-32c-17.67 0-32 14.33-32 32v144H32c-17.67 0-32 14.33-32 32v32c0 17.67 14.33 32 32 32h144v144c0 17.67 14.33 32 32 32h32c17.67 0 32-14.33 32-32V304h144c17.67 0 32-14.33 32-32v-32c0-17.67-14.33-32-32-32z\"><\/path><\/svg><\/span>\n\t\t<\/span>\n\n\t\t\t\t\t\t<\/summary>\n\t\t\t\t<div role=\"region\" aria-labelledby=\"e-n-accordion-item-1500\" class=\"elementor-element elementor-element-435c721 e-con-full e-flex e-con e-child\" data-id=\"435c721\" data-element_type=\"container\" data-e-type=\"container\">\n\t\t\t\t<div class=\"elementor-element elementor-element-bd0887d elementor-widget elementor-widget-text-editor\" data-id=\"bd0887d\" data-element_type=\"widget\" data-e-type=\"widget\" data-widget_type=\"text-editor.default\">\n\t\t\t\t<div class=\"elementor-widget-container\">\n\t\t\t\t\t\t\t\t\t<p>Ce site Web a \u00e9t\u00e9 con\u00e7u par :<\/p><ul><li>Genevi\u00e8ve Sauvageau, enseignante au C\u00e9gep de Sainte-Foy et M. \u00c9d.;<\/li><li>Jessica M\u00e9tivier, conseill\u00e8re technop\u00e9dagogique au C\u00e9gep de Sainte-Foy;<\/li><li>Kassandra Larose, enseignante au C\u00e9gep de Sainte-Foy;<\/li><li>En collaboration avec : Katy Junca et \u00c9milie Ringuet, conseill\u00e8res p\u00e9dagogiques au P\u00f4le d&rsquo;expertise interordres en FAD.<\/li><\/ul>\t\t\t\t\t\t\t\t<\/div>\n\t\t\t\t<\/div>\n\t\t\t\t<\/div>\n\t\t\t\t\t<\/details>\n\t\t\t\t\t\t<details id=\"e-n-accordion-item-1501\" class=\"e-n-accordion-item\" >\n\t\t\t\t<summary class=\"e-n-accordion-item-title\" data-accordion-index=\"2\" tabindex=\"-1\" aria-expanded=\"false\" aria-controls=\"e-n-accordion-item-1501\" >\n\t\t\t\t\t<span class='e-n-accordion-item-title-header'><div class=\"e-n-accordion-item-title-text\"> Que retrouve-t-on sur le site? <\/div><\/span>\n\t\t\t\t\t\t\t<span class='e-n-accordion-item-title-icon'>\n\t\t\t<span class='e-opened' ><svg aria-hidden=\"true\" class=\"e-font-icon-svg e-fas-minus\" viewBox=\"0 0 448 512\" xmlns=\"http:\/\/www.w3.org\/2000\/svg\"><path d=\"M416 208H32c-17.67 0-32 14.33-32 32v32c0 17.67 14.33 32 32 32h384c17.67 0 32-14.33 32-32v-32c0-17.67-14.33-32-32-32z\"><\/path><\/svg><\/span>\n\t\t\t<span class='e-closed'><svg aria-hidden=\"true\" class=\"e-font-icon-svg e-fas-plus\" viewBox=\"0 0 448 512\" xmlns=\"http:\/\/www.w3.org\/2000\/svg\"><path d=\"M416 208H272V64c0-17.67-14.33-32-32-32h-32c-17.67 0-32 14.33-32 32v144H32c-17.67 0-32 14.33-32 32v32c0 17.67 14.33 32 32 32h144v144c0 17.67 14.33 32 32 32h32c17.67 0 32-14.33 32-32V304h144c17.67 0 32-14.33 32-32v-32c0-17.67-14.33-32-32-32z\"><\/path><\/svg><\/span>\n\t\t<\/span>\n\n\t\t\t\t\t\t<\/summary>\n\t\t\t\t<div role=\"region\" aria-labelledby=\"e-n-accordion-item-1501\" class=\"elementor-element elementor-element-6158ba4 e-flex e-con-boxed e-con e-child\" data-id=\"6158ba4\" data-element_type=\"container\" data-e-type=\"container\">\n\t\t\t\t\t<div class=\"e-con-inner\">\n\t\t\t\t<div class=\"elementor-element elementor-element-c2ed829 elementor-widget elementor-widget-text-editor\" data-id=\"c2ed829\" data-element_type=\"widget\" data-e-type=\"widget\" data-widget_type=\"text-editor.default\">\n\t\t\t\t<div class=\"elementor-widget-container\">\n\t\t\t\t\t\t\t\t\t<p>En naviguant \u00e0 l\u2019aide des diff\u00e9rents onglets situ\u00e9s en haut de cette page, vous acc\u00e9derez \u00e0 une multitude de ressources. Voici un aper\u00e7u de ce que chaque section contient :<\/p><h3><a href=\"https:\/\/elios.csfoy.ca\/formation-hybride\/projet\/\"><strong>Projet<\/strong><\/a><\/h3><p>D\u00e9couvrez les origines de ce projet, son contexte et ses objectifs.<\/p><h3><a href=\"https:\/\/elios.csfoy.ca\/formation-hybride\/design-dune-formation-hybride\/\"><strong>Formation hybride<\/strong><\/a><\/h3><p>Cette section explore en profondeur le concept de la formation hybride :<\/p><ul><li>Une d\u00e9finition claire et pr\u00e9cise.<\/li><li>Les diff\u00e9rentes combinaisons possibles de modes de prestation.<\/li><li>Les avantages associ\u00e9s \u00e0 ce type de formation.<\/li><li>Les d\u00e9fis et des pistes de solutions pour relever ces d\u00e9fis.<\/li><\/ul><h3><a href=\"https:\/\/elios.csfoy.ca\/formation-hybride\/design\/\"><strong>Design<\/strong><\/a><\/h3><p>Pr\u00e9parer une formation hybride n\u00e9cessite une r\u00e9flexion minutieuse. Cette section vous guide \u00e0 travers :<\/p><ol><li><strong>Les \u00e9l\u00e9ments cl\u00e9s \u00e0 consid\u00e9rer avant la mise en place<\/strong> d&rsquo;une formation hybride.<\/li><li><strong>Deux sous-th\u00e8mes essentiels<\/strong> <b>: <\/b><ul><li><strong>Macroplanification<\/strong> <b>:<\/b> D\u00e9couvrez des concepts fondamentaux tels que les diff\u00e9rents dispositifs hybrides, le principe d&rsquo;hybridation et un exemple d&rsquo;horaire de session pour structurer votre cours.<\/li><li><strong>Microplanification<\/strong> <b>:<\/b> Acc\u00e9dez \u00e0 un outil pratique pour organiser vos s\u00e9ances de cours et un guide d&rsquo;accompagnement pour vous aider \u00e0 maximiser son utilisation.<\/li><\/ul><\/li><\/ol><h3><a href=\"https:\/\/elios.csfoy.ca\/formation-hybride\/accompagnement\/\"><strong>Accompagnement<\/strong><\/a><\/h3><p>L\u2019accompagnement des personnes \u00e9tudiantes en formation hybride est crucial. Cette section aborde :<\/p><ul><li>Les concepts de pr\u00e9sence \u00e0 distance, d\u2019inclusion, d\u2019engagement et de r\u00e9ussite.<\/li><li>Des listes de v\u00e9rification et des suggestions concr\u00e8tes pour encourager l\u2019implication des personnes \u00e9tudiantes et soutenir leur r\u00e9ussite.<\/li><\/ul><h3><a href=\"https:\/\/elios.csfoy.ca\/formation-hybride\/lexique\/\"><strong>Lexique<\/strong><\/a><\/h3><p>Pour faciliter votre navigation, cette section propose des d\u00e9finitions claires de termes cl\u00e9s utilis\u00e9s sur le site.<\/p><h3><a href=\"https:\/\/elios.csfoy.ca\/formation-hybride\/references-de-a-a-z\/\"><strong>R\u00e9f\u00e9rences<\/strong><\/a><\/h3><p>Consultez ici les sources et documents qui ont inspir\u00e9 le contenu de ce site.<\/p>\t\t\t\t\t\t\t\t<\/div>\n\t\t\t\t<\/div>\n\t\t\t\t\t<\/div>\n\t\t\t\t<\/div>\n\t\t\t\t\t<\/details>\n\t\t\t\t\t\t<details id=\"e-n-accordion-item-1502\" class=\"e-n-accordion-item\" >\n\t\t\t\t<summary class=\"e-n-accordion-item-title\" data-accordion-index=\"3\" tabindex=\"-1\" aria-expanded=\"false\" aria-controls=\"e-n-accordion-item-1502\" >\n\t\t\t\t\t<span class='e-n-accordion-item-title-header'><div class=\"e-n-accordion-item-title-text\"> Vid\u00e9o <\/div><\/span>\n\t\t\t\t\t\t\t<span class='e-n-accordion-item-title-icon'>\n\t\t\t<span class='e-opened' ><svg aria-hidden=\"true\" class=\"e-font-icon-svg e-fas-minus\" viewBox=\"0 0 448 512\" xmlns=\"http:\/\/www.w3.org\/2000\/svg\"><path d=\"M416 208H32c-17.67 0-32 14.33-32 32v32c0 17.67 14.33 32 32 32h384c17.67 0 32-14.33 32-32v-32c0-17.67-14.33-32-32-32z\"><\/path><\/svg><\/span>\n\t\t\t<span class='e-closed'><svg aria-hidden=\"true\" class=\"e-font-icon-svg e-fas-plus\" viewBox=\"0 0 448 512\" xmlns=\"http:\/\/www.w3.org\/2000\/svg\"><path d=\"M416 208H272V64c0-17.67-14.33-32-32-32h-32c-17.67 0-32 14.33-32 32v144H32c-17.67 0-32 14.33-32 32v32c0 17.67 14.33 32 32 32h144v144c0 17.67 14.33 32 32 32h32c17.67 0 32-14.33 32-32V304h144c17.67 0 32-14.33 32-32v-32c0-17.67-14.33-32-32-32z\"><\/path><\/svg><\/span>\n\t\t<\/span>\n\n\t\t\t\t\t\t<\/summary>\n\t\t\t\t<div role=\"region\" aria-labelledby=\"e-n-accordion-item-1502\" class=\"elementor-element elementor-element-0ae6573 e-flex e-con-boxed e-con e-child\" data-id=\"0ae6573\" data-element_type=\"container\" data-e-type=\"container\">\n\t\t\t\t\t<div class=\"e-con-inner\">\n\t\t\t\t<div class=\"elementor-element elementor-element-ab9068d elementor-widget__width-initial elementor-widget elementor-widget-text-editor\" data-id=\"ab9068d\" data-element_type=\"widget\" data-e-type=\"widget\" data-widget_type=\"text-editor.default\">\n\t\t\t\t<div class=\"elementor-widget-container\">\n\t\t\t\t\t\t\t\t\t<p>Vous envisagez de cr\u00e9er une formation hybride, mais ne savez pas par o\u00f9 commencer? Cette vid\u00e9o vous guide \u00e0 chaque \u00e9tape.<\/p>\t\t\t\t\t\t\t\t<\/div>\n\t\t\t\t<\/div>\n\t\t<div role=\"region\" aria-labelledby=\"e-n-accordion-item-1502\" class=\"elementor-element elementor-element-fbb1f5c e-con-full e-flex e-con e-child\" data-id=\"fbb1f5c\" data-element_type=\"container\" data-e-type=\"container\">\n\t\t\t\t<div class=\"elementor-element elementor-element-01b945e elementor-widget__width-initial elementor-widget elementor-widget-video\" data-id=\"01b945e\" data-element_type=\"widget\" data-e-type=\"widget\" data-settings=\"{&quot;youtube_url&quot;:&quot;https:\\\/\\\/youtu.be\\\/tWY2Gxu_3gs&quot;,&quot;video_type&quot;:&quot;youtube&quot;,&quot;controls&quot;:&quot;yes&quot;}\" data-widget_type=\"video.default\">\n\t\t\t\t<div class=\"elementor-widget-container\">\n\t\t\t\t\t\t\t<div class=\"elementor-wrapper elementor-open-inline\">\n\t\t\t<div class=\"elementor-video\"><\/div>\t\t<\/div>\n\t\t\t\t\t\t<\/div>\n\t\t\t\t<\/div>\n\t\t\t\t<\/div>\n\t\t\t\t\t<\/div>\n\t\t\t\t<\/div>\n\t\t\t\t\t<\/details>\n\t\t\t\t\t<\/div>\n\t\t\t\t\t\t<\/div>\n\t\t\t\t<\/div>\n\t\t\t\t<\/div>\n\t\t<div class=\"elementor-element elementor-element-5f481ba e-flex e-con-boxed e-con e-parent\" data-id=\"5f481ba\" data-element_type=\"container\" data-e-type=\"container\">\n\t\t\t\t\t<div class=\"e-con-inner\">\n\t\t\t\t\t<\/div>\n\t\t\t\t<\/div>\n\t\t<div class=\"elementor-element elementor-element-0ae834b e-flex e-con-boxed e-con e-parent\" data-id=\"0ae834b\" data-element_type=\"container\" data-e-type=\"container\">\n\t\t\t\t\t<div class=\"e-con-inner\">\n\t\t<div class=\"elementor-element elementor-element-7d6ec2a e-con-full e-flex e-con e-child\" data-id=\"7d6ec2a\" data-element_type=\"container\" data-e-type=\"container\">\n\t\t\t\t<div class=\"elementor-element elementor-element-2356a9e elementor-widget elementor-widget-image\" data-id=\"2356a9e\" data-element_type=\"widget\" data-e-type=\"widget\" data-widget_type=\"image.default\">\n\t\t\t\t<div class=\"elementor-widget-container\">\n\t\t\t\t\t\t\t\t\t\t\t\t\t\t\t\t<a href=\"https:\/\/www.csfoy.ca\/accueil\" target=\"_blank\">\n\t\t\t\t\t\t\t<img decoding=\"async\" src=\"https:\/\/elios.csfoy.ca\/formation-hybride\/wp-content\/uploads\/sites\/19\/elementor\/thumbs\/CSF-logo-bleu-300dpi-qypa9ngoxfidixcjcfy5qz6osme9yw3w3lrd9t4tmo.jpg\" title=\"CSF-logo-bleu-300dpi\" alt=\"Logo du C\u00e9gep de Sainte-Foy\" loading=\"lazy\" \/>\t\t\t\t\t\t\t\t<\/a>\n\t\t\t\t\t\t\t\t\t\t\t\t\t\t\t<\/div>\n\t\t\t\t<\/div>\n\t\t\t\t<\/div>\n\t\t<div class=\"elementor-element elementor-element-24f660a e-con-full e-flex e-con e-child\" data-id=\"24f660a\" data-element_type=\"container\" data-e-type=\"container\">\n\t\t\t\t<div class=\"elementor-element elementor-element-0334f81 elementor-widget elementor-widget-image\" data-id=\"0334f81\" data-element_type=\"widget\" data-e-type=\"widget\" data-widget_type=\"image.default\">\n\t\t\t\t<div class=\"elementor-widget-container\">\n\t\t\t\t\t\t\t\t\t\t\t\t\t\t\t\t<a href=\"https:\/\/www.campus-expertise.gouv.qc.ca\/\" target=\"_blank\">\n\t\t\t\t\t\t\t<img decoding=\"async\" src=\"https:\/\/elios.csfoy.ca\/formation-hybride\/wp-content\/uploads\/sites\/19\/elementor\/thumbs\/Logo-Pole-qyspq0uvrn1pgivi50uvdb1mox9oe19f7m3ccnifys.png\" title=\"Logo-P\u00f4le\" alt=\"Logo du campus num\u00e9rique\" loading=\"lazy\" \/>\t\t\t\t\t\t\t\t<\/a>\n\t\t\t\t\t\t\t\t\t\t\t\t\t\t\t<\/div>\n\t\t\t\t<\/div>\n\t\t\t\t<\/div>\n\t\t\t\t\t<\/div>\n\t\t\t\t<\/div>\n\t\t<div class=\"elementor-element elementor-element-f214122 e-con-full e-flex e-con e-parent\" data-id=\"f214122\" data-element_type=\"container\" data-e-type=\"container\">\n\t\t\t\t<div class=\"elementor-element elementor-element-cb5394d elementor-widget elementor-widget-text-editor\" data-id=\"cb5394d\" data-element_type=\"widget\" data-e-type=\"widget\" data-widget_type=\"text-editor.default\">\n\t\t\t\t<div class=\"elementor-widget-container\">\n\t\t\t\t\t\t\t\t\t<p>Pour citer ce document : Sauvageau, G. M\u00e9tivier, J. et Larose, K. (2025). <em>Des cours en mode hybride.<\/em> C\u00e9gep de Sainte-Foy<\/p>\t\t\t\t\t\t\t\t<\/div>\n\t\t\t\t<\/div>\n\t\t\t\t<div class=\"elementor-element elementor-element-f0eaf4f elementor-widget elementor-widget-image\" data-id=\"f0eaf4f\" data-element_type=\"widget\" data-e-type=\"widget\" data-widget_type=\"image.default\">\n\t\t\t\t<div class=\"elementor-widget-container\">\n\t\t\t\t\t\t\t\t\t\t\t\t<figure class=\"wp-caption\">\n\t\t\t\t\t\t\t\t\t\t\t<a href=\"https:\/\/www.donneesquebec.ca\/licence\/\" target=\"_blank\">\n\t\t\t\t\t\t\t<img decoding=\"async\" src=\"https:\/\/elios.csfoy.ca\/formation-hybride\/wp-content\/uploads\/sites\/19\/elementor\/thumbs\/CC-BY-NC-qypa8v9j8ef8ev0fau0ikf9clwq9udmbiwyuy73fgg.png\" title=\"CC-BY-NC\" alt=\"Licence CC-BY-NC\" loading=\"lazy\" \/>\t\t\t\t\t\t\t\t<\/a>\n\t\t\t\t\t\t\t\t\t\t\t<figcaption class=\"widget-image-caption wp-caption-text\">https:\/\/www.donneesquebec.ca\/licence\/<\/figcaption>\n\t\t\t\t\t\t\t\t\t\t<\/figure>\n\t\t\t\t\t\t\t\t\t<\/div>\n\t\t\t\t<\/div>\n\t\t\t\t<\/div>\n\t\t<div class=\"elementor-element elementor-element-c43e42f e-flex e-con-boxed e-con e-parent\" data-id=\"c43e42f\" data-element_type=\"container\" data-e-type=\"container\">\n\t\t\t\t\t<div class=\"e-con-inner\">\n\t\t\t\t<div class=\"elementor-element elementor-element-ee4d66f elementor-widget elementor-widget-heading\" data-id=\"ee4d66f\" data-element_type=\"widget\" data-e-type=\"widget\" data-widget_type=\"heading.default\">\n\t\t\t\t<div class=\"elementor-widget-container\">\n\t\t\t\t\t<h5 class=\"elementor-heading-title elementor-size-default\">Mise \u00e0 jour 11 novembre 2025<\/h5>\t\t\t\t<\/div>\n\t\t\t\t<\/div>\n\t\t\t\t\t<\/div>\n\t\t\t\t<\/div>\n\t\t\t\t<\/div>\n\t\t","protected":false},"excerpt":{"rendered":"<p>Bienvenue sur notre plateforme d\u00e9di\u00e9e \u00e0 la formation hybride, con\u00e7ue dans le cadre de l\u2019appel \u00e0 projets du P\u00f4le d\u2019expertise interordres en formation \u00e0 distance (FAD). Ce site a \u00e9t\u00e9 soigneusement \u00e9labor\u00e9 pour soutenir les personnes enseignantes et conseill\u00e8res p\u00e9dagogiques de l\u2019enseignement sup\u00e9rieur dans la conception et la mise en \u0153uvre de cours hybrides, tout&#8230;<\/p>\n","protected":false},"author":25,"featured_media":0,"parent":0,"menu_order":0,"comment_status":"closed","ping_status":"open","template":"elementor_header_footer","meta":{"_acf_changed":false,"_monsterinsights_skip_tracking":false,"_monsterinsights_sitenote_active":false,"_monsterinsights_sitenote_note":"","_monsterinsights_sitenote_category":0,"footnotes":""},"class_list":["post-65","page","type-page","status-publish","hentry"],"acf":[],"_links":{"self":[{"href":"https:\/\/elios.csfoy.ca\/formation-hybride\/wp-json\/wp\/v2\/pages\/65","targetHints":{"allow":["GET"]}}],"collection":[{"href":"https:\/\/elios.csfoy.ca\/formation-hybride\/wp-json\/wp\/v2\/pages"}],"about":[{"href":"https:\/\/elios.csfoy.ca\/formation-hybride\/wp-json\/wp\/v2\/types\/page"}],"author":[{"embeddable":true,"href":"https:\/\/elios.csfoy.ca\/formation-hybride\/wp-json\/wp\/v2\/users\/25"}],"replies":[{"embeddable":true,"href":"https:\/\/elios.csfoy.ca\/formation-hybride\/wp-json\/wp\/v2\/comments?post=65"}],"version-history":[{"count":229,"href":"https:\/\/elios.csfoy.ca\/formation-hybride\/wp-json\/wp\/v2\/pages\/65\/revisions"}],"predecessor-version":[{"id":2605,"href":"https:\/\/elios.csfoy.ca\/formation-hybride\/wp-json\/wp\/v2\/pages\/65\/revisions\/2605"}],"wp:attachment":[{"href":"https:\/\/elios.csfoy.ca\/formation-hybride\/wp-json\/wp\/v2\/media?parent=65"}],"curies":[{"name":"wp","href":"https:\/\/api.w.org\/{rel}","templated":true}]}}